{"id":58853,"date":"2021-09-27T16:13:17","date_gmt":"2021-09-27T14:13:17","guid":{"rendered":"https:\/\/www.salonscotemaison.fr\/vivre-cote-sud\/?page_id=58853"},"modified":"2026-03-18T16:23:50","modified_gmt":"2026-03-18T15:23:50","slug":"horaires-et-tarifs","status":"publish","type":"page","link":"https:\/\/www.salonscotemaison.fr\/vivre-cote-sud-aix-en-provence\/horaires-et-tarifs\/","title":{"rendered":"Horaires et tarifs"},"content":{"rendered":"<p>[et_pb_section fb_built=\u00a0\u00bb1&Prime; admin_label=\u00a0\u00bbHeader\u00a0\u00bb _builder_version=\u00a0\u00bb4.27.4&Prime; _module_preset=\u00a0\u00bbdefault\u00a0\u00bb background_color=\u00a0\u00bb#FFFFFF\u00a0\u00bb custom_padding=\u00a0\u00bb||10px|||\u00a0\u00bb locked=\u00a0\u00bboff\u00a0\u00bb collapsed=\u00a0\u00bboff\u00a0\u00bb global_colors_info=\u00a0\u00bb{}\u00a0\u00bb][et_pb_row _builder_version=\u00a0\u00bb4.20.0&Prime; _module_preset=\u00a0\u00bbdefault\u00a0\u00bb width=\u00a0\u00bb90%\u00a0\u00bb max_width=\u00a0\u00bbnone\u00a0\u00bb custom_margin=\u00a0\u00bb-27px|auto||auto||\u00a0\u00bb custom_padding=\u00a0\u00bb||0px|0px|false|false\u00a0\u00bb global_colors_info=\u00a0\u00bb{}\u00a0\u00bb][et_pb_column type=\u00a0\u00bb4_4&Prime; _builder_version=\u00a0\u00bb4.20.0&Prime; _module_preset=\u00a0\u00bbdefault\u00a0\u00bb global_colors_info=\u00a0\u00bb{}\u00a0\u00bb][et_pb_text _builder_version=\u00a0\u00bb4.27.4&Prime; _module_preset=\u00a0\u00bbaa164253-d016-4936-9249-266eb6b8d19f\u00a0\u00bb header_text_color=\u00a0\u00bb#000000&Prime; custom_margin=\u00a0\u00bb||11px|||\u00a0\u00bb custom_padding=\u00a0\u00bb||0px|||\u00a0\u00bb locked=\u00a0\u00bboff\u00a0\u00bb global_colors_info=\u00a0\u00bb{}\u00a0\u00bb]<\/p>\n<h1>Informations pratiques<\/h1>\n<p>[\/et_pb_text][\/et_pb_column][\/et_pb_row][et_pb_row column_structure=\u00a0\u00bb3_5,2_5&Prime; _builder_version=\u00a0\u00bb4.27.4&Prime; _module_preset=\u00a0\u00bbdefault\u00a0\u00bb custom_padding=\u00a0\u00bb|||0px||\u00a0\u00bb global_colors_info=\u00a0\u00bb{}\u00a0\u00bb][et_pb_column type=\u00a0\u00bb3_5&Prime; _builder_version=\u00a0\u00bb4.27.4&Prime; _module_preset=\u00a0\u00bbdefault\u00a0\u00bb global_colors_info=\u00a0\u00bb{}\u00a0\u00bb][et_pb_text _builder_version=\u00a0\u00bb4.27.4&Prime; _module_preset=\u00a0\u00bbdefault\u00a0\u00bb custom_margin=\u00a0\u00bb|||-134px||\u00a0\u00bb global_colors_info=\u00a0\u00bb{}\u00a0\u00bb]<\/p>\n<p><span style=\"color: #0a0a0a;\"><strong>Salon Vivre C\u00f4t\u00e9 Sud 2026<\/strong><\/span><br data-start=\"1633\" data-end=\"1636\" \/><span style=\"color: #0a0a0a;\"><strong data-start=\"1638\" data-end=\"1647\">Dates<\/strong> : du <strong data-start=\"1653\" data-end=\"1673\">5 au 8 juin 2026<\/strong><\/span><br data-start=\"1673\" data-end=\"1676\" \/><span style=\"color: #0a0a0a;\"><strong data-start=\"1678\" data-end=\"1686\">Lieu<\/strong> : Parc Jourdan \u2013 Aix-en-Provence<\/span><\/p>\n<p data-start=\"1728\" data-end=\"1981\"><span style=\"color: #0a0a0a;\"><strong data-start=\"1728\" data-end=\"1780\">Horaires 2026 :<br \/><\/strong>\u2022 Vendredi 5 juin : <strong>10h &#8211; 22h30<\/strong><br \/>\u2022 Samedi 6 juin : <strong>10h &#8211; 20h<\/strong><br \/>\u2022 Dimanche 7 juin : <strong>10h &#8211; 19h<\/strong><br \/>\u2022 Lundi 8 juin : <strong>10h &#8211; 18h<\/strong><\/span><\/p>\n<p><span style=\"color: #020202;\"><strong data-start=\"1728\" data-end=\"1780\">Tarifs 2026<\/strong> <strong>:<\/strong><\/span><br data-start=\"1782\" data-end=\"1785\" \/><span style=\"color: #0a0a0a;\">\u2022 Pass 1 jour : <strong data-start=\"1811\" data-end=\"1819\">10 \u20ac en pr\u00e9vente &#8211; 12 \u20ac sur place<\/strong><\/span><br data-start=\"1819\" data-end=\"1822\" \/><span style=\"color: #0a0a0a;\">\u2022 Pass 3 jours : <strong>18 \u20ac en pr\u00e9vente<\/strong> &#8211; <strong data-start=\"1849\" data-end=\"1857\">20 \u20ac sur place<\/strong><\/span><br data-start=\"1857\" data-end=\"1860\" \/><span style=\"color: #0a0a0a;\">\u2022 Tarif r\u00e9duit (12-18 ans ou \u00e9tudiants) : <strong data-start=\"1922\" data-end=\"1929\">8 \u20ac <\/strong>(uniquement sur place)<strong data-start=\"1922\" data-end=\"1929\"><br \/><\/strong>\u2022 Tarif PMR : <strong>8 \u20ac<\/strong> (uniquement sur place)<\/span><br data-start=\"1929\" data-end=\"1932\" \/><span style=\"color: #0a0a0a;\">\u2022 Gratuit pour les enfants de &#8211; de 12 ans<\/span><span style=\"color: #0a0a0a;\"><\/span><\/p>\n<p>Billets en vente prochainement via la billetterie officielle \u2014 restez connect\u00e9s pour plus d\u2019infos.<\/p>\n<p>[\/et_pb_text][\/et_pb_column][et_pb_column type=\u00a0\u00bb2_5&Prime; _builder_version=\u00a0\u00bb4.27.4&Prime; _module_preset=\u00a0\u00bbdefault\u00a0\u00bb global_colors_info=\u00a0\u00bb{}\u00a0\u00bb][et_pb_image src=\u00a0\u00bbhttps:\/\/www.salonscotemaison.fr\/vivre-cote-sud-aix-en-provence\/wp-content\/uploads\/sites\/3\/2025\/09\/Capture-decran-2025-09-08-a-12.08.05-PM.jpg\u00a0\u00bb title_text=\u00a0\u00bbScreenshot\u00a0\u00bb _builder_version=\u00a0\u00bb4.27.4&Prime; _module_preset=\u00a0\u00bbdefault\u00a0\u00bb global_colors_info=\u00a0\u00bb{}\u00a0\u00bb][\/et_pb_image][\/et_pb_column][\/et_pb_row][\/et_pb_section][et_pb_section fb_built=\u00a0\u00bb1&Prime; _builder_version=\u00a0\u00bb4.27.4&Prime; _module_preset=\u00a0\u00bbdefault\u00a0\u00bb custom_padding=\u00a0\u00bb64px||3px|||\u00a0\u00bb locked=\u00a0\u00bboff\u00a0\u00bb global_colors_info=\u00a0\u00bb{}\u00a0\u00bb][et_pb_row _builder_version=\u00a0\u00bb4.27.4&Prime; _module_preset=\u00a0\u00bbdefault\u00a0\u00bb custom_margin=\u00a0\u00bb-22px|auto||auto||\u00a0\u00bb locked=\u00a0\u00bboff\u00a0\u00bb global_colors_info=\u00a0\u00bb{}\u00a0\u00bb][et_pb_column type=\u00a0\u00bb4_4&Prime; _builder_version=\u00a0\u00bb4.27.4&Prime; _module_preset=\u00a0\u00bbdefault\u00a0\u00bb global_colors_info=\u00a0\u00bb{}\u00a0\u00bb][et_pb_text _builder_version=\u00a0\u00bb4.27.6&Prime; _module_preset=\u00a0\u00bbaa164253-d016-4936-9249-266eb6b8d19f\u00a0\u00bb header_text_color=\u00a0\u00bb#000000&Prime; header_font_size=\u00a0\u00bb44px\u00a0\u00bb custom_margin=\u00a0\u00bb32px||11px||false|false\u00a0\u00bb custom_padding=\u00a0\u00bb23px||0px||false|false\u00a0\u00bb hover_enabled=\u00a0\u00bb0&Prime; locked=\u00a0\u00bboff\u00a0\u00bb global_colors_info=\u00a0\u00bb{}\u00a0\u00bb sticky_enabled=\u00a0\u00bb0&Prime; text_orientation=\u00a0\u00bbcenter\u00a0\u00bb]<\/p>\n<h1 style=\"text-align: center;\">Nos Partenaires<\/h1>\n<p>[\/et_pb_text][et_pb_image src=\u00a0\u00bbhttps:\/\/www.salonscotemaison.fr\/vivre-cote-sud-aix-en-provence\/wp-content\/uploads\/sites\/3\/2025\/04\/Capture-decran-2025-04-17-a-4.01.39\u202fPM.jpg\u00a0\u00bb title_text=\u00a0\u00bbPartenaires\u00a0\u00bb url=\u00a0\u00bbhttps:\/\/www.salonscotemaison.fr\/vivre-cote-sud-aix-en-provence\/partenaires\/\u00a0\u00bb url_new_window=\u00a0\u00bbon\u00a0\u00bb _builder_version=\u00a0\u00bb4.27.4&Prime; _module_preset=\u00a0\u00bbdefault\u00a0\u00bb width=\u00a0\u00bb80%\u00a0\u00bb module_alignment=\u00a0\u00bbcenter\u00a0\u00bb global_colors_info=\u00a0\u00bb{}\u00a0\u00bb][\/et_pb_image][\/et_pb_column][\/et_pb_row][\/et_pb_section][et_pb_section fb_built=\u00a0\u00bb1&Prime; admin_label=\u00a0\u00bbFooter\u00a0\u00bb _builder_version=\u00a0\u00bb4.27.4&Prime; _module_preset=\u00a0\u00bbdefault\u00a0\u00bb background_color=\u00a0\u00bb#000000&Prime; custom_padding=\u00a0\u00bb5px||19px||false|false\u00a0\u00bb saved_tabs=\u00a0\u00bball\u00a0\u00bb locked=\u00a0\u00bboff\u00a0\u00bb collapsed=\u00a0\u00bbon\u00a0\u00bb global_colors_info=\u00a0\u00bb{}\u00a0\u00bb][et_pb_row column_structure=\u00a0\u00bb1_3,1_3,1_3&Prime; _builder_version=\u00a0\u00bb4.27.4&Prime; _module_preset=\u00a0\u00bbdefault\u00a0\u00bb width=\u00a0\u00bb90%\u00a0\u00bb max_width=\u00a0\u00bbnone\u00a0\u00bb custom_margin=\u00a0\u00bb|auto|-17px|auto||\u00a0\u00bb custom_padding=\u00a0\u00bb11px||7px|||\u00a0\u00bb global_colors_info=\u00a0\u00bb{}\u00a0\u00bb][et_pb_column type=\u00a0\u00bb1_3&Prime; _builder_version=\u00a0\u00bb4.24.1&Prime; _module_preset=\u00a0\u00bbdefault\u00a0\u00bb global_colors_info=\u00a0\u00bb{}\u00a0\u00bb][et_pb_text quote_border_color=\u00a0\u00bb#FFFFFF\u00a0\u00bb _builder_version=\u00a0\u00bb4.27.4&Prime; _module_preset=\u00a0\u00bb11ae5650-a1f0-4609-8a82-2cb2b2b5187b\u00a0\u00bb text_text_color=\u00a0\u00bb#FFFFFF\u00a0\u00bb link_text_color=\u00a0\u00bb#FFFFFF\u00a0\u00bb quote_text_color=\u00a0\u00bb#FFFFFF\u00a0\u00bb custom_margin=\u00a0\u00bb||18px|||\u00a0\u00bb link_option_url=\u00a0\u00bbhttps:\/\/www.salonscotemaison.fr\/vivre-cote-sud-aix-en-provence\/mentions-legales\/\u00a0\u00bb link_option_url_new_window=\u00a0\u00bbon\u00a0\u00bb text_orientation_tablet=\u00a0\u00bbcenter\u00a0\u00bb text_orientation_phone=\u00a0\u00bbcenter\u00a0\u00bb text_orientation_last_edited=\u00a0\u00bbon|tablet\u00a0\u00bb global_colors_info=\u00a0\u00bb{}\u00a0\u00bb]<\/p>\n<h4><span style=\"color: #ffffff; font-size: small;\"><strong>MENTIONS L\u00c9GALES<\/strong><\/span><\/h4>\n<p>[\/et_pb_text][et_pb_text quote_border_color=\u00a0\u00bb#FFFFFF\u00a0\u00bb _builder_version=\u00a0\u00bb4.27.4&Prime; _module_preset=\u00a0\u00bb11ae5650-a1f0-4609-8a82-2cb2b2b5187b\u00a0\u00bb text_text_color=\u00a0\u00bb#FFFFFF\u00a0\u00bb link_text_color=\u00a0\u00bb#FFFFFF\u00a0\u00bb quote_text_color=\u00a0\u00bb#FFFFFF\u00a0\u00bb custom_margin=\u00a0\u00bb-17px||9px|||\u00a0\u00bb link_option_url=\u00a0\u00bbhttps:\/\/www.salonscotemaison.fr\/vivre-cote-sud-aix-en-provence\/gestion-des-cookies\/\u00a0\u00bb link_option_url_new_window=\u00a0\u00bbon\u00a0\u00bb text_orientation_tablet=\u00a0\u00bbcenter\u00a0\u00bb text_orientation_phone=\u00a0\u00bbcenter\u00a0\u00bb text_orientation_last_edited=\u00a0\u00bbon|tablet\u00a0\u00bb global_colors_info=\u00a0\u00bb{}\u00a0\u00bb]<\/p>\n<h4><span style=\"color: #ffffff; font-size: small;\"><strong>GESTION DES COOKIES<\/strong><\/span><\/h4>\n<p>[\/et_pb_text][et_pb_text quote_border_color=\u00a0\u00bb#FFFFFF\u00a0\u00bb _builder_version=\u00a0\u00bb4.27.4&Prime; _module_preset=\u00a0\u00bb11ae5650-a1f0-4609-8a82-2cb2b2b5187b\u00a0\u00bb text_text_color=\u00a0\u00bb#FFFFFF\u00a0\u00bb link_text_color=\u00a0\u00bb#FFFFFF\u00a0\u00bb quote_text_color=\u00a0\u00bb#FFFFFF\u00a0\u00bb custom_margin=\u00a0\u00bb-5px||28px|||\u00a0\u00bb link_option_url=\u00a0\u00bbhttps:\/\/www.salonscotemaison.fr\/vivre-cote-sud-aix-en-provence\/copyright-credits-photos\/\u00a0\u00bb link_option_url_new_window=\u00a0\u00bbon\u00a0\u00bb text_orientation_tablet=\u00a0\u00bbcenter\u00a0\u00bb text_orientation_phone=\u00a0\u00bbcenter\u00a0\u00bb text_orientation_last_edited=\u00a0\u00bbon|tablet\u00a0\u00bb global_colors_info=\u00a0\u00bb{}\u00a0\u00bb]<\/p>\n<h4><span style=\"color: #ffffff; font-size: small;\"><strong>COPYRIGHT ET CR\u00c9DITS<\/strong><\/span><\/h4>\n<p>[\/et_pb_text][et_pb_text quote_border_color=\u00a0\u00bb#FFFFFF\u00a0\u00bb _builder_version=\u00a0\u00bb4.27.4&Prime; _module_preset=\u00a0\u00bb11ae5650-a1f0-4609-8a82-2cb2b2b5187b\u00a0\u00bb text_text_color=\u00a0\u00bb#FFFFFF\u00a0\u00bb link_text_color=\u00a0\u00bb#FFFFFF\u00a0\u00bb quote_text_color=\u00a0\u00bb#FFFFFF\u00a0\u00bb custom_margin=\u00a0\u00bb-28px|||||\u00a0\u00bb custom_padding=\u00a0\u00bb0px|||||\u00a0\u00bb link_option_url=\u00a0\u00bbhttps:\/\/www.salonscotemaison.fr\/vivre-cote-sud-aix-en-provence\/protection-des-donnees-a-caractere-personnel\/\u00a0\u00bb link_option_url_new_window=\u00a0\u00bbon\u00a0\u00bb text_orientation_tablet=\u00a0\u00bbcenter\u00a0\u00bb text_orientation_phone=\u00a0\u00bbcenter\u00a0\u00bb text_orientation_last_edited=\u00a0\u00bbon|tablet\u00a0\u00bb global_colors_info=\u00a0\u00bb{}\u00a0\u00bb]<\/p>\n<h4><span style=\"color: #ffffff; font-size: small;\"><strong>PROTECTION DES DONN\u00c9ES PERSONNELLES<\/strong><\/span><\/h4>\n<p>[\/et_pb_text][\/et_pb_column][et_pb_column type=\u00a0\u00bb1_3&Prime; _builder_version=\u00a0\u00bb4.24.1&Prime; _module_preset=\u00a0\u00bbdefault\u00a0\u00bb global_colors_info=\u00a0\u00bb{}\u00a0\u00bb][et_pb_text _builder_version=\u00a0\u00bb4.27.4&Prime; _module_preset=\u00a0\u00bb291a1ce6-7305-4603-af85-61618b499d8b\u00a0\u00bb header_font_size=\u00a0\u00bb23px\u00a0\u00bb header_5_text_color=\u00a0\u00bb#FFFFFF\u00a0\u00bb text_orientation=\u00a0\u00bbcenter\u00a0\u00bb custom_margin=\u00a0\u00bb||-8px|||\u00a0\u00bb global_colors_info=\u00a0\u00bb{}\u00a0\u00bb]<\/p>\n<h5><span style=\"font-size: small;\">5 juin &#8211; 8 juin 2026<\/span><\/h5>\n<p>[\/et_pb_text][et_pb_text _builder_version=\u00a0\u00bb4.27.4&Prime; _module_preset=\u00a0\u00bb291a1ce6-7305-4603-af85-61618b499d8b\u00a0\u00bb header_font_size=\u00a0\u00bb23px\u00a0\u00bb header_5_text_color=\u00a0\u00bb#FFFFFF\u00a0\u00bb text_orientation=\u00a0\u00bbcenter\u00a0\u00bb custom_margin=\u00a0\u00bb||9px|||\u00a0\u00bb global_colors_info=\u00a0\u00bb{}\u00a0\u00bb]<\/p>\n<h5><span style=\"font-size: small;\">PARC JOURDAN, 13100, AIX-EN-PROVENCE<\/span><\/h5>\n<p>[\/et_pb_text][et_pb_text _builder_version=\u00a0\u00bb4.27.4&Prime; _module_preset=\u00a0\u00bb291a1ce6-7305-4603-af85-61618b499d8b\u00a0\u00bb header_5_text_color=\u00a0\u00bb#FFFFFF\u00a0\u00bb text_orientation=\u00a0\u00bbcenter\u00a0\u00bb custom_margin=\u00a0\u00bb-6px||-10px|||\u00a0\u00bb custom_padding=\u00a0\u00bb||3px|||\u00a0\u00bb global_colors_info=\u00a0\u00bb{}\u00a0\u00bb]<\/p>\n<div class=\"et_pb_text_inner\">\n<div data-shortcode-id=\"5.0.1.2-1758036094537\" data-quickaccess-editable=\"yes\" class=\"et-fb-popover-tinymce\">\n<div class=\"mce-content-body\" contenteditable=\"true\" style=\"position: relative;\">\n<h5><span style=\"font-size: small;\">Si\u00e8ge social : <\/span><span style=\"font-size: small;\">C\u00d4T\u00c9 MAISON &#8211; 13 rue henrI barbusse, 92230 gennevilliers<\/span><\/h5>\n<\/div>\n<\/div>\n<\/div>\n<p>[\/et_pb_text][et_pb_text _builder_version=\u00a0\u00bb4.27.4&Prime; _module_preset=\u00a0\u00bb291a1ce6-7305-4603-af85-61618b499d8b\u00a0\u00bb header_5_text_color=\u00a0\u00bb#FFFFFF\u00a0\u00bb text_orientation=\u00a0\u00bbcenter\u00a0\u00bb global_colors_info=\u00a0\u00bb{}\u00a0\u00bb]<\/p>\n<div class=\"et_pb_text_inner\">\n<div data-shortcode-id=\"2.0.1.3-1758037245053\" data-quickaccess-editable=\"yes\" class=\"et-fb-popover-tinymce\">\n<div class=\"mce-content-body\" contenteditable=\"true\" style=\"position: relative;\">\n<h5><span style=\"font-size: small;\">Adresse postale : <\/span><span style=\"font-size: small;\">C\u00f4t\u00e9 maison &#8211; P\u00f4le salon <\/span><span style=\"font-size: small;\">42 avenue de friedland, 75008 paris<\/span><\/h5>\n<\/div>\n<\/div>\n<\/div>\n<div class=\"et-fb-quick-access\">\n<div class=\"et-fb-quick-access__indicator et-fb-quick-access__indicator--animated\" data-quickaccess-item=\"true\" data-quickaccess-id=\"header\" data-quickaccess-order=\"10\" data-quickaccess-key=\"header-0\" data-address=\"2.0.1.3\" data-quickaccess-editable=\"true\" style=\"top: 0px; left: 0px;\">\n<div class=\"et-fb-quick-access__indicator__item\" style=\"transform: scale(1);\">\n<div class=\"et-fb-icon et-fb-icon--paint-brush\" style=\"fill: #ffffff; width: 16px; min-width: 16px; height: 16px; margin: 0px;\"><\/div>\n<\/div>\n<\/div>\n<\/div>\n<div class=\"et-fb-mousetrap et-fb-mousetrap--module et-fb-mousetrap-move\" style=\"background: 0px center; pointer-events: none; top: -25px; bottom: 0px;\"><\/div>\n<p>[\/et_pb_text][\/et_pb_column][et_pb_column type=\u00a0\u00bb1_3&Prime; _builder_version=\u00a0\u00bb4.24.1&Prime; _module_preset=\u00a0\u00bbdefault\u00a0\u00bb global_colors_info=\u00a0\u00bb{}\u00a0\u00bb][et_pb_text _builder_version=\u00a0\u00bb4.27.4&Prime; _module_preset=\u00a0\u00bb291a1ce6-7305-4603-af85-61618b499d8b\u00a0\u00bb link_font=\u00a0\u00bb||||on||||\u00a0\u00bb header_5_text_color=\u00a0\u00bb#FFFFFF\u00a0\u00bb text_orientation=\u00a0\u00bbright\u00a0\u00bb custom_margin=\u00a0\u00bb||10px||false|false\u00a0\u00bb text_orientation_tablet=\u00a0\u00bbcenter\u00a0\u00bb text_orientation_phone=\u00a0\u00bbcenter\u00a0\u00bb text_orientation_last_edited=\u00a0\u00bbon|tablet\u00a0\u00bb locked=\u00a0\u00bboff\u00a0\u00bb global_colors_info=\u00a0\u00bb{}\u00a0\u00bb]<\/p>\n<h5><span style=\"font-size: small;\">INFOS@VIVRECOTESUD.FR<\/span><\/h5>\n<p>[\/et_pb_text][et_pb_social_media_follow _builder_version=\u00a0\u00bb4.27.4&Prime; _module_preset=\u00a0\u00bbdefault\u00a0\u00bb text_orientation=\u00a0\u00bbright\u00a0\u00bb custom_margin=\u00a0\u00bb-16px|||||\u00a0\u00bb text_orientation_tablet=\u00a0\u00bbcenter\u00a0\u00bb text_orientation_phone=\u00a0\u00bbcenter\u00a0\u00bb text_orientation_last_edited=\u00a0\u00bbon|tablet\u00a0\u00bb global_colors_info=\u00a0\u00bb{}\u00a0\u00bb][et_pb_social_media_follow_network social_network=\u00a0\u00bbinstagram\u00a0\u00bb url=\u00a0\u00bbhttps:\/\/www.instagram.com\/salonvivrecotesud\/?hl=fr\u00a0\u00bb _builder_version=\u00a0\u00bb4.27.4&Prime; _module_preset=\u00a0\u00bbdefault\u00a0\u00bb global_colors_info=\u00a0\u00bb{}\u00a0\u00bb follow_button=\u00a0\u00bboff\u00a0\u00bb url_new_window=\u00a0\u00bbon\u00a0\u00bb]instagram[\/et_pb_social_media_follow_network][et_pb_social_media_follow_network social_network=\u00a0\u00bbfacebook\u00a0\u00bb url=\u00a0\u00bbhttps:\/\/www.facebook.com\/vivrecotesud\/photos\/?_rdr\u00a0\u00bb _builder_version=\u00a0\u00bb4.27.4&Prime; _module_preset=\u00a0\u00bbdefault\u00a0\u00bb global_colors_info=\u00a0\u00bb{}\u00a0\u00bb follow_button=\u00a0\u00bboff\u00a0\u00bb url_new_window=\u00a0\u00bbon\u00a0\u00bb]facebook[\/et_pb_social_media_follow_network][et_pb_social_media_follow_network social_network=\u00a0\u00bblinkedin\u00a0\u00bb url=\u00a0\u00bbhttps:\/\/www.linkedin.com\/company\/14821610\/admin\/dashboard\/\u00a0\u00bb _builder_version=\u00a0\u00bb4.27.4&Prime; _module_preset=\u00a0\u00bbdefault\u00a0\u00bb background_enable_color=\u00a0\u00bboff\u00a0\u00bb global_colors_info=\u00a0\u00bb{}\u00a0\u00bb follow_button=\u00a0\u00bboff\u00a0\u00bb url_new_window=\u00a0\u00bbon\u00a0\u00bb]linkedin[\/et_pb_social_media_follow_network][\/et_pb_social_media_follow][\/et_pb_column][\/et_pb_row][\/et_pb_section]<\/p>\n","protected":false},"excerpt":{"rendered":"<p>Informations pratiquesSalon Vivre C\u00f4t\u00e9 Sud 2026Dates : du 5 au 8 juin 2026Lieu : Parc Jourdan \u2013 Aix-en-Provence Horaires 2026 :\u2022 Vendredi 5 juin : 10h &#8211; 22h30\u2022 Samedi 6 juin : 10h &#8211; 20h\u2022 Dimanche 7 juin : 10h &#8211; 19h\u2022 Lundi 8 juin : 10h &#8211; 18h Tarifs 2026 :\u2022 Pass 1 jour [&hellip;]<\/p>\n","protected":false},"author":2,"featured_media":0,"parent":0,"menu_order":0,"comment_status":"closed","ping_status":"closed","template":"","meta":{"_acf_changed":false,"_et_pb_use_builder":"on","_et_pb_old_content":"","_et_gb_content_width":"","footnotes":""},"class_list":["post-58853","page","type-page","status-publish","hentry"],"acf":[],"yoast_head":"<!-- This site is optimized with the Yoast SEO plugin v27.4 - https:\/\/yoast.com\/product\/yoast-seo-wordpress\/ -->\n<title>Salon Vivre C\u00f4t\u00e9 Sud - Horaires et tarifs<\/title>\n<meta name=\"description\" content=\"Retrouvez les horaires et tarifs du Salon Vivre C\u00f4t\u00e9 Sud qui se tiendra du 30 mai au 3 juin 2024 au Parc Jourdain, Aix-en-Provence.\" \/>\n<meta name=\"robots\" content=\"index, follow, max-snippet:-1, max-image-preview:large, max-video-preview:-1\" \/>\n<link rel=\"canonical\" href=\"https:\/\/www.salonscotemaison.fr\/vivre-cote-sud-aix-en-provence\/horaires-et-tarifs\/\" \/>\n<meta property=\"og:locale\" content=\"fr_FR\" \/>\n<meta property=\"og:type\" content=\"article\" \/>\n<meta property=\"og:title\" content=\"Salon Vivre C\u00f4t\u00e9 Sud - Horaires et tarifs\" \/>\n<meta property=\"og:description\" content=\"Retrouvez les horaires et tarifs du Salon Vivre C\u00f4t\u00e9 Sud qui se tiendra du 30 mai au 3 juin 2024 au Parc Jourdain, Aix-en-Provence.\" \/>\n<meta property=\"og:url\" content=\"https:\/\/www.salonscotemaison.fr\/vivre-cote-sud-aix-en-provence\/horaires-et-tarifs\/\" \/>\n<meta property=\"og:site_name\" content=\"Vivre C\u00f4t\u00e9 Sud Aix-en-provence\" \/>\n<meta property=\"article:modified_time\" content=\"2026-03-18T15:23:50+00:00\" \/>\n<meta name=\"twitter:card\" content=\"summary_large_image\" \/>\n<meta name=\"twitter:label1\" content=\"Dur\u00e9e de lecture estim\u00e9e\" \/>\n\t<meta name=\"twitter:data1\" content=\"2 minutes\" \/>\n<script type=\"application\/ld+json\" class=\"yoast-schema-graph\">{\"@context\":\"https:\\\/\\\/schema.org\",\"@graph\":[{\"@type\":\"WebPage\",\"@id\":\"https:\\\/\\\/www.salonscotemaison.fr\\\/vivre-cote-sud-aix-en-provence\\\/horaires-et-tarifs\\\/\",\"url\":\"https:\\\/\\\/www.salonscotemaison.fr\\\/vivre-cote-sud-aix-en-provence\\\/horaires-et-tarifs\\\/\",\"name\":\"Salon Vivre C\u00f4t\u00e9 Sud - Horaires et tarifs\",\"isPartOf\":{\"@id\":\"https:\\\/\\\/www.salonscotemaison.fr\\\/vivre-cote-sud-aix-en-provence\\\/#website\"},\"datePublished\":\"2021-09-27T14:13:17+00:00\",\"dateModified\":\"2026-03-18T15:23:50+00:00\",\"description\":\"Retrouvez les horaires et tarifs du Salon Vivre C\u00f4t\u00e9 Sud qui se tiendra du 30 mai au 3 juin 2024 au Parc Jourdain, Aix-en-Provence.\",\"breadcrumb\":{\"@id\":\"https:\\\/\\\/www.salonscotemaison.fr\\\/vivre-cote-sud-aix-en-provence\\\/horaires-et-tarifs\\\/#breadcrumb\"},\"inLanguage\":\"fr-FR\",\"potentialAction\":[{\"@type\":\"ReadAction\",\"target\":[\"https:\\\/\\\/www.salonscotemaison.fr\\\/vivre-cote-sud-aix-en-provence\\\/horaires-et-tarifs\\\/\"]}]},{\"@type\":\"BreadcrumbList\",\"@id\":\"https:\\\/\\\/www.salonscotemaison.fr\\\/vivre-cote-sud-aix-en-provence\\\/horaires-et-tarifs\\\/#breadcrumb\",\"itemListElement\":[{\"@type\":\"ListItem\",\"position\":1,\"name\":\"Accueil\",\"item\":\"https:\\\/\\\/www.salonscotemaison.fr\\\/vivre-cote-sud-aix-en-provence\\\/\"},{\"@type\":\"ListItem\",\"position\":2,\"name\":\"Horaires et tarifs\"}]},{\"@type\":\"WebSite\",\"@id\":\"https:\\\/\\\/www.salonscotemaison.fr\\\/vivre-cote-sud-aix-en-provence\\\/#website\",\"url\":\"https:\\\/\\\/www.salonscotemaison.fr\\\/vivre-cote-sud-aix-en-provence\\\/\",\"name\":\"Vivre C\u00f4t\u00e9 Sud Aix-en-provence\",\"description\":\"Les salons de Vivre C\u00f4t\u00e9 Sud\",\"potentialAction\":[{\"@type\":\"SearchAction\",\"target\":{\"@type\":\"EntryPoint\",\"urlTemplate\":\"https:\\\/\\\/www.salonscotemaison.fr\\\/vivre-cote-sud-aix-en-provence\\\/?s={search_term_string}\"},\"query-input\":{\"@type\":\"PropertyValueSpecification\",\"valueRequired\":true,\"valueName\":\"search_term_string\"}}],\"inLanguage\":\"fr-FR\"}]}<\/script>\n<!-- \/ Yoast SEO plugin. -->","yoast_head_json":{"title":"Salon Vivre C\u00f4t\u00e9 Sud - Horaires et tarifs","description":"Retrouvez les horaires et tarifs du Salon Vivre C\u00f4t\u00e9 Sud qui se tiendra du 30 mai au 3 juin 2024 au Parc Jourdain, Aix-en-Provence.","robots":{"index":"index","follow":"follow","max-snippet":"max-snippet:-1","max-image-preview":"max-image-preview:large","max-video-preview":"max-video-preview:-1"},"canonical":"https:\/\/www.salonscotemaison.fr\/vivre-cote-sud-aix-en-provence\/horaires-et-tarifs\/","og_locale":"fr_FR","og_type":"article","og_title":"Salon Vivre C\u00f4t\u00e9 Sud - Horaires et tarifs","og_description":"Retrouvez les horaires et tarifs du Salon Vivre C\u00f4t\u00e9 Sud qui se tiendra du 30 mai au 3 juin 2024 au Parc Jourdain, Aix-en-Provence.","og_url":"https:\/\/www.salonscotemaison.fr\/vivre-cote-sud-aix-en-provence\/horaires-et-tarifs\/","og_site_name":"Vivre C\u00f4t\u00e9 Sud Aix-en-provence","article_modified_time":"2026-03-18T15:23:50+00:00","twitter_card":"summary_large_image","twitter_misc":{"Dur\u00e9e de lecture estim\u00e9e":"2 minutes"},"schema":{"@context":"https:\/\/schema.org","@graph":[{"@type":"WebPage","@id":"https:\/\/www.salonscotemaison.fr\/vivre-cote-sud-aix-en-provence\/horaires-et-tarifs\/","url":"https:\/\/www.salonscotemaison.fr\/vivre-cote-sud-aix-en-provence\/horaires-et-tarifs\/","name":"Salon Vivre C\u00f4t\u00e9 Sud - Horaires et tarifs","isPartOf":{"@id":"https:\/\/www.salonscotemaison.fr\/vivre-cote-sud-aix-en-provence\/#website"},"datePublished":"2021-09-27T14:13:17+00:00","dateModified":"2026-03-18T15:23:50+00:00","description":"Retrouvez les horaires et tarifs du Salon Vivre C\u00f4t\u00e9 Sud qui se tiendra du 30 mai au 3 juin 2024 au Parc Jourdain, Aix-en-Provence.","breadcrumb":{"@id":"https:\/\/www.salonscotemaison.fr\/vivre-cote-sud-aix-en-provence\/horaires-et-tarifs\/#breadcrumb"},"inLanguage":"fr-FR","potentialAction":[{"@type":"ReadAction","target":["https:\/\/www.salonscotemaison.fr\/vivre-cote-sud-aix-en-provence\/horaires-et-tarifs\/"]}]},{"@type":"BreadcrumbList","@id":"https:\/\/www.salonscotemaison.fr\/vivre-cote-sud-aix-en-provence\/horaires-et-tarifs\/#breadcrumb","itemListElement":[{"@type":"ListItem","position":1,"name":"Accueil","item":"https:\/\/www.salonscotemaison.fr\/vivre-cote-sud-aix-en-provence\/"},{"@type":"ListItem","position":2,"name":"Horaires et tarifs"}]},{"@type":"WebSite","@id":"https:\/\/www.salonscotemaison.fr\/vivre-cote-sud-aix-en-provence\/#website","url":"https:\/\/www.salonscotemaison.fr\/vivre-cote-sud-aix-en-provence\/","name":"Vivre C\u00f4t\u00e9 Sud Aix-en-provence","description":"Les salons de Vivre C\u00f4t\u00e9 Sud","potentialAction":[{"@type":"SearchAction","target":{"@type":"EntryPoint","urlTemplate":"https:\/\/www.salonscotemaison.fr\/vivre-cote-sud-aix-en-provence\/?s={search_term_string}"},"query-input":{"@type":"PropertyValueSpecification","valueRequired":true,"valueName":"search_term_string"}}],"inLanguage":"fr-FR"}]}},"post_mailing_queue_ids":[],"_links":{"self":[{"href":"https:\/\/www.salonscotemaison.fr\/vivre-cote-sud-aix-en-provence\/wp-json\/wp\/v2\/pages\/58853","targetHints":{"allow":["GET"]}}],"collection":[{"href":"https:\/\/www.salonscotemaison.fr\/vivre-cote-sud-aix-en-provence\/wp-json\/wp\/v2\/pages"}],"about":[{"href":"https:\/\/www.salonscotemaison.fr\/vivre-cote-sud-aix-en-provence\/wp-json\/wp\/v2\/types\/page"}],"author":[{"embeddable":true,"href":"https:\/\/www.salonscotemaison.fr\/vivre-cote-sud-aix-en-provence\/wp-json\/wp\/v2\/users\/2"}],"replies":[{"embeddable":true,"href":"https:\/\/www.salonscotemaison.fr\/vivre-cote-sud-aix-en-provence\/wp-json\/wp\/v2\/comments?post=58853"}],"version-history":[{"count":77,"href":"https:\/\/www.salonscotemaison.fr\/vivre-cote-sud-aix-en-provence\/wp-json\/wp\/v2\/pages\/58853\/revisions"}],"predecessor-version":[{"id":77555,"href":"https:\/\/www.salonscotemaison.fr\/vivre-cote-sud-aix-en-provence\/wp-json\/wp\/v2\/pages\/58853\/revisions\/77555"}],"wp:attachment":[{"href":"https:\/\/www.salonscotemaison.fr\/vivre-cote-sud-aix-en-provence\/wp-json\/wp\/v2\/media?parent=58853"}],"curies":[{"name":"wp","href":"https:\/\/api.w.org\/{rel}","templated":true}]}}