{"id":58905,"date":"2021-09-28T16:04:06","date_gmt":"2021-09-28T14:04:06","guid":{"rendered":"https:\/\/www.salonscotemaison.fr\/vivre-cote-sud\/?page_id=58905"},"modified":"2024-11-22T17:27:00","modified_gmt":"2024-11-22T16:27:00","slug":"pourquoi-exposer","status":"publish","type":"page","link":"https:\/\/www.salonscotemaison.fr\/vivre-cote-sud-aix-en-provence\/pourquoi-exposer\/","title":{"rendered":"Pourquoi exposer ?"},"content":{"rendered":"<p>[et_pb_section fb_built=\u00a0\u00bb1&Prime; module_id=\u00a0\u00bbpageTitre\u00a0\u00bb _builder_version=\u00a0\u00bb4.27.2&Prime; _module_preset=\u00a0\u00bbdefault\u00a0\u00bb background_image=\u00a0\u00bbhttps:\/\/www.salonscotemaison.fr\/vivre-cote-sud-aix-en-provence\/wp-content\/uploads\/sites\/3\/2024\/11\/JGS-Creations-M-Dugueyt-2-scaled.jpg\u00a0\u00bb hover_enabled=\u00a0\u00bb0&Prime; global_colors_info=\u00a0\u00bb{}\u00a0\u00bb title_text=\u00a0\u00bbOLYMPUS DIGITAL CAMERA\u00a0\u00bb sticky_enabled=\u00a0\u00bb0&Prime;][et_pb_row _builder_version=\u00a0\u00bb4.16&Prime; _module_preset=\u00a0\u00bbdefault\u00a0\u00bb width=\u00a0\u00bb100%\u00a0\u00bb max_width=\u00a0\u00bb2560px\u00a0\u00bb global_colors_info=\u00a0\u00bb{}\u00a0\u00bb][et_pb_column type=\u00a0\u00bb4_4&Prime; _builder_version=\u00a0\u00bb4.16&Prime; _module_preset=\u00a0\u00bbdefault\u00a0\u00bb global_colors_info=\u00a0\u00bb{}\u00a0\u00bb][et_pb_text _builder_version=\u00a0\u00bb4.16&Prime; _module_preset=\u00a0\u00bbdefault\u00a0\u00bb global_colors_info=\u00a0\u00bb{}\u00a0\u00bb]<\/p>\n<h1 style=\"text-align: center\">POURQUOI EXPOSER ?<\/h1>\n<p>[\/et_pb_text][\/et_pb_column][\/et_pb_row][\/et_pb_section][et_pb_section fb_built=\u00a0\u00bb1&Prime; module_class=\u00a0\u00bbmoitmoit\u00a0\u00bb _builder_version=\u00a0\u00bb4.16&Prime; _module_preset=\u00a0\u00bbdefault\u00a0\u00bb global_colors_info=\u00a0\u00bb{}\u00a0\u00bb][et_pb_row column_structure=\u00a0\u00bb1_2,1_2&Prime; make_equal=\u00a0\u00bbon\u00a0\u00bb _builder_version=\u00a0\u00bb4.27.2&Prime; _module_preset=\u00a0\u00bbdefault\u00a0\u00bb width=\u00a0\u00bb90%\u00a0\u00bb max_width=\u00a0\u00bb2560px\u00a0\u00bb hover_enabled=\u00a0\u00bb0&Prime; global_colors_info=\u00a0\u00bb{}\u00a0\u00bb sticky_enabled=\u00a0\u00bb0&Prime;][et_pb_column type=\u00a0\u00bb1_2&Prime; _builder_version=\u00a0\u00bb4.27.2&Prime; _module_preset=\u00a0\u00bbdefault\u00a0\u00bb background_image=\u00a0\u00bbhttps:\/\/www.salonscotemaison.fr\/vivre-cote-sud-aix-en-provence\/wp-content\/uploads\/sites\/3\/2024\/11\/Lafablight-M-Dugueyt-1-scaled.jpg\u00a0\u00bb hover_enabled=\u00a0\u00bb0&Prime; global_colors_info=\u00a0\u00bb{}\u00a0\u00bb title_text=\u00a0\u00bbLafablight M Dugueyt (1)\u00a0\u00bb sticky_enabled=\u00a0\u00bb0&Prime;][\/et_pb_column][et_pb_column type=\u00a0\u00bb1_2&Prime; _builder_version=\u00a0\u00bb4.16&Prime; _module_preset=\u00a0\u00bbdefault\u00a0\u00bb background_color=\u00a0\u00bb#e6f7fe\u00a0\u00bb global_colors_info=\u00a0\u00bb{}\u00a0\u00bb][et_pb_text _builder_version=\u00a0\u00bb4.16&Prime; _module_preset=\u00a0\u00bbdefault\u00a0\u00bb global_colors_info=\u00a0\u00bb{}\u00a0\u00bb]<\/p>\n<h2>Vecteur d&rsquo;image<\/h2>\n<p>En participant au salon Vivre C\u00f4t\u00e9 Sud, vous b\u00e9n\u00e9ficiez de l\u2019image du c\u00e9l\u00e8bre magazine Maisons C\u00f4t\u00e9 Sud !<br \/>Vous rencontrerez nos journalistes dans un contexte privil\u00e9gi\u00e9, ce qui peut d\u00e9boucher sur un reportage o\u00f9 vous pourrez montrer les produits que vous aurez choisi d&rsquo;exposer.<\/p>\n<h2>Vecteur d&rsquo;achat<\/h2>\n<p>Vendez directement aux professionnels et\/ou au grand public ! En plus, le nombre de visiteurs ne fait qu&rsquo;augmenter d&rsquo;ann\u00e9e en ann\u00e9e &#8230; (Une boutique qui ne poss\u00e8de pas ses propres cr\u00e9ations personnelles peut exposer tant qu&rsquo;elle repr\u00e9sente une marque.)[\/et_pb_text][\/et_pb_column][\/et_pb_row][et_pb_row column_structure=\u00a0\u00bb1_2,1_2&Prime; make_equal=\u00a0\u00bbon\u00a0\u00bb _builder_version=\u00a0\u00bb4.22.1&Prime; _module_preset=\u00a0\u00bbdefault\u00a0\u00bb width=\u00a0\u00bb90%\u00a0\u00bb max_width=\u00a0\u00bb2560px\u00a0\u00bb global_colors_info=\u00a0\u00bb{}\u00a0\u00bb][et_pb_column type=\u00a0\u00bb1_2&Prime; _builder_version=\u00a0\u00bb4.16&Prime; _module_preset=\u00a0\u00bbdefault\u00a0\u00bb background_color=\u00a0\u00bb#d1d1d1&Prime; background_enable_image=\u00a0\u00bboff\u00a0\u00bb global_colors_info=\u00a0\u00bb{}\u00a0\u00bb][et_pb_text _builder_version=\u00a0\u00bb4.16&Prime; _module_preset=\u00a0\u00bbdefault\u00a0\u00bb global_colors_info=\u00a0\u00bb{}\u00a0\u00bb]<\/p>\n<h2>Des exposants s\u00e9lectionn\u00e9s<\/h2>\n<p>Les exposants adressent un dossier de candidature qui est soumis \u00e0 un comit\u00e9 de s\u00e9lection compos\u00e9 de l\u2019\u00e9quipe du salon et du magazine. Le principal crit\u00e8re \u00e9tant l\u2019ad\u00e9quation avec l\u2019image de Maisons C\u00f4t\u00e9 Sud. Ce sont donc seulement des exposants de qualit\u00e9 qui sont pr\u00e9sents au salon !<\/p>\n<h2>Des sources d&rsquo;inspiration et de r\u00eave<\/h2>\n<p>Vous mettez en sc\u00e8ne vos produits dans un d\u00e9cor qui refl\u00e8te votre image, dans l\u2019esprit C\u00f4t\u00e9 Sud et vous pouvez aller faire un tour dans le parc afin de d\u00e9couvrir l&rsquo;univers de chacun !<br \/>Pour les espaces \u00ab\u00a0D\u00e9cors\u00a0\u00bb et \u00ab\u00a0Agencement\u00a0\u00bb, un projet de mise en sc\u00e8ne est \u00e9galement demand\u00e9 avec le dossier de candidature.<\/p>\n<p>[\/et_pb_text][\/et_pb_column][et_pb_column type=\u00a0\u00bb1_2&Prime; _builder_version=\u00a0\u00bb4.22.1&Prime; _module_preset=\u00a0\u00bbdefault\u00a0\u00bb background_enable_color=\u00a0\u00bboff\u00a0\u00bb background_image=\u00a0\u00bbhttps:\/\/www.salonscotemaison.fr\/vivre-cote-sud-aix-en-provence\/wp-content\/uploads\/sites\/3\/2024\/06\/AAA-1-scaled.jpg\u00a0\u00bb global_colors_info=\u00a0\u00bb{}\u00a0\u00bb][\/et_pb_column][\/et_pb_row][et_pb_row admin_label=\u00a0\u00bbLigne prefooter\u00a0\u00bb _builder_version=\u00a0\u00bb4.16&Prime; _module_preset=\u00a0\u00bbdefault\u00a0\u00bb background_color=\u00a0\u00bb#e6f7fe\u00a0\u00bb width=\u00a0\u00bb100%\u00a0\u00bb max_width=\u00a0\u00bb2560px\u00a0\u00bb global_colors_info=\u00a0\u00bb{}\u00a0\u00bb][et_pb_column type=\u00a0\u00bb4_4&Prime; _builder_version=\u00a0\u00bb4.16&Prime; _module_preset=\u00a0\u00bbdefault\u00a0\u00bb global_colors_info=\u00a0\u00bb{}\u00a0\u00bb][et_pb_image src=\u00a0\u00bbhttps:\/\/www.salonscotemaison.fr\/vivre-cote-sud-aix-en-provence\/wp-content\/uploads\/sites\/3\/2024\/03\/Design-sans-titre-1.png\u00a0\u00bb alt=\u00a0\u00bbcote-maison-salon-vivre-cote-sud-aix-en-provence-partenaires\u00a0\u00bb title_text=\u00a0\u00bbcote-maison-salon-vivre-cote-sud-aix-en-provence-partenaires\u00a0\u00bb url=\u00a0\u00bbhttps:\/\/www.salonscotemaison.fr\/vivre-cote-sud-aix-en-provence\/partenaires\/\u00a0\u00bb align=\u00a0\u00bbcenter\u00a0\u00bb admin_label=\u00a0\u00bbLogos\u00a0\u00bb _builder_version=\u00a0\u00bb4.22.1&Prime; _module_preset=\u00a0\u00bbdefault\u00a0\u00bb global_colors_info=\u00a0\u00bb{}\u00a0\u00bb][\/et_pb_image][\/et_pb_column][\/et_pb_row][\/et_pb_section]<\/p>\n","protected":false},"excerpt":{"rendered":"<p>POURQUOI EXPOSER ?Vecteur d&rsquo;image En participant au salon Vivre C\u00f4t\u00e9 Sud, vous b\u00e9n\u00e9ficiez de l\u2019image du c\u00e9l\u00e8bre magazine Maisons C\u00f4t\u00e9 Sud !Vous rencontrerez nos journalistes dans un contexte privil\u00e9gi\u00e9, ce qui peut d\u00e9boucher sur un reportage o\u00f9 vous pourrez montrer les produits que vous aurez choisi d&rsquo;exposer. Vecteur d&rsquo;achat Vendez directement aux professionnels et\/ou au [&hellip;]<\/p>\n","protected":false},"author":2,"featured_media":0,"parent":0,"menu_order":0,"comment_status":"closed","ping_status":"closed","template":"","meta":{"_acf_changed":false,"_et_pb_use_builder":"on","_et_pb_old_content":"","_et_gb_content_width":"","footnotes":""},"class_list":["post-58905","page","type-page","status-publish","hentry"],"acf":[],"yoast_head":"<!-- This site is optimized with the Yoast SEO plugin v27.1.1 - https:\/\/yoast.com\/product\/yoast-seo-wordpress\/ -->\n<title>Salon Vivre C\u00f4t\u00e9 Sud - Pourquoi exposer ?<\/title>\n<meta name=\"description\" content=\"Le Salon Vivre C\u00f4t\u00e9 Sud vous indique ici pourquoi il est int\u00e9ressant pour vous de devenir exposant sur notre salon. Contactez-nous !\" \/>\n<meta name=\"robots\" content=\"index, follow, max-snippet:-1, max-image-preview:large, max-video-preview:-1\" \/>\n<link rel=\"canonical\" href=\"https:\/\/www.salonscotemaison.fr\/vivre-cote-sud-aix-en-provence\/pourquoi-exposer\/\" \/>\n<meta property=\"og:locale\" content=\"fr_FR\" \/>\n<meta property=\"og:type\" content=\"article\" \/>\n<meta property=\"og:title\" content=\"Salon Vivre C\u00f4t\u00e9 Sud - Pourquoi exposer ?\" \/>\n<meta property=\"og:description\" content=\"Le Salon Vivre C\u00f4t\u00e9 Sud vous indique ici pourquoi il est int\u00e9ressant pour vous de devenir exposant sur notre salon. Contactez-nous !\" \/>\n<meta property=\"og:url\" content=\"https:\/\/www.salonscotemaison.fr\/vivre-cote-sud-aix-en-provence\/pourquoi-exposer\/\" \/>\n<meta property=\"og:site_name\" content=\"Vivre C\u00f4t\u00e9 Sud Aix-en-provence\" \/>\n<meta property=\"article:modified_time\" content=\"2024-11-22T16:27:00+00:00\" \/>\n<meta name=\"twitter:card\" content=\"summary_large_image\" \/>\n<meta name=\"twitter:label1\" content=\"Dur\u00e9e de lecture estim\u00e9e\" \/>\n\t<meta name=\"twitter:data1\" content=\"2 minutes\" \/>\n<script type=\"application\/ld+json\" class=\"yoast-schema-graph\">{\"@context\":\"https:\/\/schema.org\",\"@graph\":[{\"@type\":\"WebPage\",\"@id\":\"https:\/\/www.salonscotemaison.fr\/vivre-cote-sud-aix-en-provence\/pourquoi-exposer\/\",\"url\":\"https:\/\/www.salonscotemaison.fr\/vivre-cote-sud-aix-en-provence\/pourquoi-exposer\/\",\"name\":\"Salon Vivre C\u00f4t\u00e9 Sud - Pourquoi exposer ?\",\"isPartOf\":{\"@id\":\"https:\/\/www.salonscotemaison.fr\/vivre-cote-sud-aix-en-provence\/#website\"},\"datePublished\":\"2021-09-28T14:04:06+00:00\",\"dateModified\":\"2024-11-22T16:27:00+00:00\",\"description\":\"Le Salon Vivre C\u00f4t\u00e9 Sud vous indique ici pourquoi il est int\u00e9ressant pour vous de devenir exposant sur notre salon. Contactez-nous !\",\"breadcrumb\":{\"@id\":\"https:\/\/www.salonscotemaison.fr\/vivre-cote-sud-aix-en-provence\/pourquoi-exposer\/#breadcrumb\"},\"inLanguage\":\"fr-FR\",\"potentialAction\":[{\"@type\":\"ReadAction\",\"target\":[\"https:\/\/www.salonscotemaison.fr\/vivre-cote-sud-aix-en-provence\/pourquoi-exposer\/\"]}]},{\"@type\":\"BreadcrumbList\",\"@id\":\"https:\/\/www.salonscotemaison.fr\/vivre-cote-sud-aix-en-provence\/pourquoi-exposer\/#breadcrumb\",\"itemListElement\":[{\"@type\":\"ListItem\",\"position\":1,\"name\":\"Accueil\",\"item\":\"https:\/\/www.salonscotemaison.fr\/vivre-cote-sud-aix-en-provence\/\"},{\"@type\":\"ListItem\",\"position\":2,\"name\":\"Pourquoi exposer ?\"}]},{\"@type\":\"WebSite\",\"@id\":\"https:\/\/www.salonscotemaison.fr\/vivre-cote-sud-aix-en-provence\/#website\",\"url\":\"https:\/\/www.salonscotemaison.fr\/vivre-cote-sud-aix-en-provence\/\",\"name\":\"Vivre C\u00f4t\u00e9 Sud Aix-en-provence\",\"description\":\"Les salons de Vivre C\u00f4t\u00e9 Sud\",\"potentialAction\":[{\"@type\":\"SearchAction\",\"target\":{\"@type\":\"EntryPoint\",\"urlTemplate\":\"https:\/\/www.salonscotemaison.fr\/vivre-cote-sud-aix-en-provence\/?s={search_term_string}\"},\"query-input\":{\"@type\":\"PropertyValueSpecification\",\"valueRequired\":true,\"valueName\":\"search_term_string\"}}],\"inLanguage\":\"fr-FR\"}]}<\/script>\n<!-- \/ Yoast SEO plugin. -->","yoast_head_json":{"title":"Salon Vivre C\u00f4t\u00e9 Sud - Pourquoi exposer ?","description":"Le Salon Vivre C\u00f4t\u00e9 Sud vous indique ici pourquoi il est int\u00e9ressant pour vous de devenir exposant sur notre salon. Contactez-nous !","robots":{"index":"index","follow":"follow","max-snippet":"max-snippet:-1","max-image-preview":"max-image-preview:large","max-video-preview":"max-video-preview:-1"},"canonical":"https:\/\/www.salonscotemaison.fr\/vivre-cote-sud-aix-en-provence\/pourquoi-exposer\/","og_locale":"fr_FR","og_type":"article","og_title":"Salon Vivre C\u00f4t\u00e9 Sud - Pourquoi exposer ?","og_description":"Le Salon Vivre C\u00f4t\u00e9 Sud vous indique ici pourquoi il est int\u00e9ressant pour vous de devenir exposant sur notre salon. Contactez-nous !","og_url":"https:\/\/www.salonscotemaison.fr\/vivre-cote-sud-aix-en-provence\/pourquoi-exposer\/","og_site_name":"Vivre C\u00f4t\u00e9 Sud Aix-en-provence","article_modified_time":"2024-11-22T16:27:00+00:00","twitter_card":"summary_large_image","twitter_misc":{"Dur\u00e9e de lecture estim\u00e9e":"2 minutes"},"schema":{"@context":"https:\/\/schema.org","@graph":[{"@type":"WebPage","@id":"https:\/\/www.salonscotemaison.fr\/vivre-cote-sud-aix-en-provence\/pourquoi-exposer\/","url":"https:\/\/www.salonscotemaison.fr\/vivre-cote-sud-aix-en-provence\/pourquoi-exposer\/","name":"Salon Vivre C\u00f4t\u00e9 Sud - Pourquoi exposer ?","isPartOf":{"@id":"https:\/\/www.salonscotemaison.fr\/vivre-cote-sud-aix-en-provence\/#website"},"datePublished":"2021-09-28T14:04:06+00:00","dateModified":"2024-11-22T16:27:00+00:00","description":"Le Salon Vivre C\u00f4t\u00e9 Sud vous indique ici pourquoi il est int\u00e9ressant pour vous de devenir exposant sur notre salon. Contactez-nous !","breadcrumb":{"@id":"https:\/\/www.salonscotemaison.fr\/vivre-cote-sud-aix-en-provence\/pourquoi-exposer\/#breadcrumb"},"inLanguage":"fr-FR","potentialAction":[{"@type":"ReadAction","target":["https:\/\/www.salonscotemaison.fr\/vivre-cote-sud-aix-en-provence\/pourquoi-exposer\/"]}]},{"@type":"BreadcrumbList","@id":"https:\/\/www.salonscotemaison.fr\/vivre-cote-sud-aix-en-provence\/pourquoi-exposer\/#breadcrumb","itemListElement":[{"@type":"ListItem","position":1,"name":"Accueil","item":"https:\/\/www.salonscotemaison.fr\/vivre-cote-sud-aix-en-provence\/"},{"@type":"ListItem","position":2,"name":"Pourquoi exposer ?"}]},{"@type":"WebSite","@id":"https:\/\/www.salonscotemaison.fr\/vivre-cote-sud-aix-en-provence\/#website","url":"https:\/\/www.salonscotemaison.fr\/vivre-cote-sud-aix-en-provence\/","name":"Vivre C\u00f4t\u00e9 Sud Aix-en-provence","description":"Les salons de Vivre C\u00f4t\u00e9 Sud","potentialAction":[{"@type":"SearchAction","target":{"@type":"EntryPoint","urlTemplate":"https:\/\/www.salonscotemaison.fr\/vivre-cote-sud-aix-en-provence\/?s={search_term_string}"},"query-input":{"@type":"PropertyValueSpecification","valueRequired":true,"valueName":"search_term_string"}}],"inLanguage":"fr-FR"}]}},"post_mailing_queue_ids":[],"_links":{"self":[{"href":"https:\/\/www.salonscotemaison.fr\/vivre-cote-sud-aix-en-provence\/wp-json\/wp\/v2\/pages\/58905","targetHints":{"allow":["GET"]}}],"collection":[{"href":"https:\/\/www.salonscotemaison.fr\/vivre-cote-sud-aix-en-provence\/wp-json\/wp\/v2\/pages"}],"about":[{"href":"https:\/\/www.salonscotemaison.fr\/vivre-cote-sud-aix-en-provence\/wp-json\/wp\/v2\/types\/page"}],"author":[{"embeddable":true,"href":"https:\/\/www.salonscotemaison.fr\/vivre-cote-sud-aix-en-provence\/wp-json\/wp\/v2\/users\/2"}],"replies":[{"embeddable":true,"href":"https:\/\/www.salonscotemaison.fr\/vivre-cote-sud-aix-en-provence\/wp-json\/wp\/v2\/comments?post=58905"}],"version-history":[{"count":24,"href":"https:\/\/www.salonscotemaison.fr\/vivre-cote-sud-aix-en-provence\/wp-json\/wp\/v2\/pages\/58905\/revisions"}],"predecessor-version":[{"id":73394,"href":"https:\/\/www.salonscotemaison.fr\/vivre-cote-sud-aix-en-provence\/wp-json\/wp\/v2\/pages\/58905\/revisions\/73394"}],"wp:attachment":[{"href":"https:\/\/www.salonscotemaison.fr\/vivre-cote-sud-aix-en-provence\/wp-json\/wp\/v2\/media?parent=58905"}],"curies":[{"name":"wp","href":"https:\/\/api.w.org\/{rel}","templated":true}]}}