{"id":64351,"date":"2022-07-08T12:42:48","date_gmt":"2022-07-08T10:42:48","guid":{"rendered":"https:\/\/www.salonscotemaison.fr\/vivre-cote-sud\/politique-de-cookies-ue\/"},"modified":"2022-07-08T12:42:51","modified_gmt":"2022-07-08T10:42:51","slug":"politique-de-cookies-ue","status":"publish","type":"page","link":"https:\/\/www.salonscotemaison.fr\/vivre-cote-sud-aix-en-provence\/politique-de-cookies-ue\/","title":{"rendered":"Politique de cookies (UE)"},"content":{"rendered":"<p>[cmplz-document type=\u00a0\u00bbcookie-statement\u00a0\u00bb region=\u00a0\u00bbeu\u00a0\u00bb]<\/p>\n","protected":false},"excerpt":{"rendered":"<p>[cmplz-document type=\u00a0\u00bbcookie-statement\u00a0\u00bb region=\u00a0\u00bbeu\u00a0\u00bb]<\/p>\n","protected":false},"author":1,"featured_media":0,"parent":0,"menu_order":0,"comment_status":"closed","ping_status":"closed","template":"","meta":{"_acf_changed":false,"_et_pb_use_builder":"","_et_pb_old_content":"","_et_gb_content_width":"","footnotes":""},"class_list":["post-64351","page","type-page","status-publish","hentry"],"acf":[],"yoast_head":"<!-- This site is optimized with the Yoast SEO plugin v27.4 - https:\/\/yoast.com\/product\/yoast-seo-wordpress\/ -->\n<title>Politique de cookies (UE) - Vivre C\u00f4t\u00e9 Sud Aix-en-provence<\/title>\n<meta name=\"robots\" content=\"index, follow, max-snippet:-1, max-image-preview:large, max-video-preview:-1\" \/>\n<link rel=\"canonical\" href=\"https:\/\/www.salonscotemaison.fr\/vivre-cote-sud-aix-en-provence\/politique-de-cookies-ue\/\" \/>\n<meta property=\"og:locale\" content=\"fr_FR\" \/>\n<meta property=\"og:type\" content=\"article\" \/>\n<meta property=\"og:title\" content=\"Politique de cookies (UE) - Vivre C\u00f4t\u00e9 Sud Aix-en-provence\" \/>\n<meta property=\"og:description\" content=\"[cmplz-document type=\u00a0\u00bbcookie-statement\u00a0\u00bb region=\u00a0\u00bbeu\u00a0\u00bb]\" \/>\n<meta property=\"og:url\" content=\"https:\/\/www.salonscotemaison.fr\/vivre-cote-sud-aix-en-provence\/politique-de-cookies-ue\/\" \/>\n<meta property=\"og:site_name\" content=\"Vivre C\u00f4t\u00e9 Sud Aix-en-provence\" \/>\n<meta property=\"article:modified_time\" content=\"2022-07-08T10:42:51+00:00\" \/>\n<meta name=\"twitter:card\" content=\"summary_large_image\" \/>\n<script type=\"application\/ld+json\" class=\"yoast-schema-graph\">{\"@context\":\"https:\\\/\\\/schema.org\",\"@graph\":[{\"@type\":\"WebPage\",\"@id\":\"https:\\\/\\\/www.salonscotemaison.fr\\\/vivre-cote-sud-aix-en-provence\\\/politique-de-cookies-ue\\\/\",\"url\":\"https:\\\/\\\/www.salonscotemaison.fr\\\/vivre-cote-sud-aix-en-provence\\\/politique-de-cookies-ue\\\/\",\"name\":\"Politique de cookies (UE) - Vivre C\u00f4t\u00e9 Sud Aix-en-provence\",\"isPartOf\":{\"@id\":\"https:\\\/\\\/www.salonscotemaison.fr\\\/vivre-cote-sud-aix-en-provence\\\/#website\"},\"datePublished\":\"2022-07-08T10:42:48+00:00\",\"dateModified\":\"2022-07-08T10:42:51+00:00\",\"breadcrumb\":{\"@id\":\"https:\\\/\\\/www.salonscotemaison.fr\\\/vivre-cote-sud-aix-en-provence\\\/politique-de-cookies-ue\\\/#breadcrumb\"},\"inLanguage\":\"fr-FR\",\"potentialAction\":[{\"@type\":\"ReadAction\",\"target\":[\"https:\\\/\\\/www.salonscotemaison.fr\\\/vivre-cote-sud-aix-en-provence\\\/politique-de-cookies-ue\\\/\"]}]},{\"@type\":\"BreadcrumbList\",\"@id\":\"https:\\\/\\\/www.salonscotemaison.fr\\\/vivre-cote-sud-aix-en-provence\\\/politique-de-cookies-ue\\\/#breadcrumb\",\"itemListElement\":[{\"@type\":\"ListItem\",\"position\":1,\"name\":\"Accueil\",\"item\":\"https:\\\/\\\/www.salonscotemaison.fr\\\/vivre-cote-sud-aix-en-provence\\\/\"},{\"@type\":\"ListItem\",\"position\":2,\"name\":\"Politique de cookies (UE)\"}]},{\"@type\":\"WebSite\",\"@id\":\"https:\\\/\\\/www.salonscotemaison.fr\\\/vivre-cote-sud-aix-en-provence\\\/#website\",\"url\":\"https:\\\/\\\/www.salonscotemaison.fr\\\/vivre-cote-sud-aix-en-provence\\\/\",\"name\":\"Vivre C\u00f4t\u00e9 Sud Aix-en-provence\",\"description\":\"Les salons de Vivre C\u00f4t\u00e9 Sud\",\"potentialAction\":[{\"@type\":\"SearchAction\",\"target\":{\"@type\":\"EntryPoint\",\"urlTemplate\":\"https:\\\/\\\/www.salonscotemaison.fr\\\/vivre-cote-sud-aix-en-provence\\\/?s={search_term_string}\"},\"query-input\":{\"@type\":\"PropertyValueSpecification\",\"valueRequired\":true,\"valueName\":\"search_term_string\"}}],\"inLanguage\":\"fr-FR\"}]}<\/script>\n<!-- \/ Yoast SEO plugin. -->","yoast_head_json":{"title":"Politique de cookies (UE) - Vivre C\u00f4t\u00e9 Sud Aix-en-provence","robots":{"index":"index","follow":"follow","max-snippet":"max-snippet:-1","max-image-preview":"max-image-preview:large","max-video-preview":"max-video-preview:-1"},"canonical":"https:\/\/www.salonscotemaison.fr\/vivre-cote-sud-aix-en-provence\/politique-de-cookies-ue\/","og_locale":"fr_FR","og_type":"article","og_title":"Politique de cookies (UE) - Vivre C\u00f4t\u00e9 Sud Aix-en-provence","og_description":"[cmplz-document type=\u00a0\u00bbcookie-statement\u00a0\u00bb region=\u00a0\u00bbeu\u00a0\u00bb]","og_url":"https:\/\/www.salonscotemaison.fr\/vivre-cote-sud-aix-en-provence\/politique-de-cookies-ue\/","og_site_name":"Vivre C\u00f4t\u00e9 Sud Aix-en-provence","article_modified_time":"2022-07-08T10:42:51+00:00","twitter_card":"summary_large_image","schema":{"@context":"https:\/\/schema.org","@graph":[{"@type":"WebPage","@id":"https:\/\/www.salonscotemaison.fr\/vivre-cote-sud-aix-en-provence\/politique-de-cookies-ue\/","url":"https:\/\/www.salonscotemaison.fr\/vivre-cote-sud-aix-en-provence\/politique-de-cookies-ue\/","name":"Politique de cookies (UE) - Vivre C\u00f4t\u00e9 Sud Aix-en-provence","isPartOf":{"@id":"https:\/\/www.salonscotemaison.fr\/vivre-cote-sud-aix-en-provence\/#website"},"datePublished":"2022-07-08T10:42:48+00:00","dateModified":"2022-07-08T10:42:51+00:00","breadcrumb":{"@id":"https:\/\/www.salonscotemaison.fr\/vivre-cote-sud-aix-en-provence\/politique-de-cookies-ue\/#breadcrumb"},"inLanguage":"fr-FR","potentialAction":[{"@type":"ReadAction","target":["https:\/\/www.salonscotemaison.fr\/vivre-cote-sud-aix-en-provence\/politique-de-cookies-ue\/"]}]},{"@type":"BreadcrumbList","@id":"https:\/\/www.salonscotemaison.fr\/vivre-cote-sud-aix-en-provence\/politique-de-cookies-ue\/#breadcrumb","itemListElement":[{"@type":"ListItem","position":1,"name":"Accueil","item":"https:\/\/www.salonscotemaison.fr\/vivre-cote-sud-aix-en-provence\/"},{"@type":"ListItem","position":2,"name":"Politique de cookies (UE)"}]},{"@type":"WebSite","@id":"https:\/\/www.salonscotemaison.fr\/vivre-cote-sud-aix-en-provence\/#website","url":"https:\/\/www.salonscotemaison.fr\/vivre-cote-sud-aix-en-provence\/","name":"Vivre C\u00f4t\u00e9 Sud Aix-en-provence","description":"Les salons de Vivre C\u00f4t\u00e9 Sud","potentialAction":[{"@type":"SearchAction","target":{"@type":"EntryPoint","urlTemplate":"https:\/\/www.salonscotemaison.fr\/vivre-cote-sud-aix-en-provence\/?s={search_term_string}"},"query-input":{"@type":"PropertyValueSpecification","valueRequired":true,"valueName":"search_term_string"}}],"inLanguage":"fr-FR"}]}},"post_mailing_queue_ids":[],"_links":{"self":[{"href":"https:\/\/www.salonscotemaison.fr\/vivre-cote-sud-aix-en-provence\/wp-json\/wp\/v2\/pages\/64351","targetHints":{"allow":["GET"]}}],"collection":[{"href":"https:\/\/www.salonscotemaison.fr\/vivre-cote-sud-aix-en-provence\/wp-json\/wp\/v2\/pages"}],"about":[{"href":"https:\/\/www.salonscotemaison.fr\/vivre-cote-sud-aix-en-provence\/wp-json\/wp\/v2\/types\/page"}],"author":[{"embeddable":true,"href":"https:\/\/www.salonscotemaison.fr\/vivre-cote-sud-aix-en-provence\/wp-json\/wp\/v2\/users\/1"}],"replies":[{"embeddable":true,"href":"https:\/\/www.salonscotemaison.fr\/vivre-cote-sud-aix-en-provence\/wp-json\/wp\/v2\/comments?post=64351"}],"version-history":[{"count":1,"href":"https:\/\/www.salonscotemaison.fr\/vivre-cote-sud-aix-en-provence\/wp-json\/wp\/v2\/pages\/64351\/revisions"}],"predecessor-version":[{"id":64352,"href":"https:\/\/www.salonscotemaison.fr\/vivre-cote-sud-aix-en-provence\/wp-json\/wp\/v2\/pages\/64351\/revisions\/64352"}],"wp:attachment":[{"href":"https:\/\/www.salonscotemaison.fr\/vivre-cote-sud-aix-en-provence\/wp-json\/wp\/v2\/media?parent=64351"}],"curies":[{"name":"wp","href":"https:\/\/api.w.org\/{rel}","templated":true}]}}