{"id":75833,"date":"2025-04-02T11:16:42","date_gmt":"2025-04-02T09:16:42","guid":{"rendered":"https:\/\/www.salonscotemaison.fr\/vivre-cote-sud-aix-en-provence\/?page_id=75833"},"modified":"2026-04-09T12:22:58","modified_gmt":"2026-04-09T10:22:58","slug":"plateforme-exposants","status":"publish","type":"page","link":"https:\/\/www.salonscotemaison.fr\/vivre-cote-sud-aix-en-provence\/plateforme-exposants\/","title":{"rendered":"Plateforme Exposants"},"content":{"rendered":"<p>[et_pb_section fb_built=\u00a0\u00bb1&Prime; _builder_version=\u00a0\u00bb4.27.4&Prime; _module_preset=\u00a0\u00bbdefault\u00a0\u00bb custom_padding=\u00a0\u00bb||4px|||\u00a0\u00bb global_colors_info=\u00a0\u00bb{}\u00a0\u00bb][et_pb_row _builder_version=\u00a0\u00bb4.27.4&Prime; _module_preset=\u00a0\u00bbdefault\u00a0\u00bb custom_padding=\u00a0\u00bb||35px|||\u00a0\u00bb global_colors_info=\u00a0\u00bb{}\u00a0\u00bb][et_pb_column type=\u00a0\u00bb4_4&Prime; _builder_version=\u00a0\u00bb4.27.4&Prime; _module_preset=\u00a0\u00bbdefault\u00a0\u00bb global_colors_info=\u00a0\u00bb{}\u00a0\u00bb][et_pb_text _builder_version=\u00a0\u00bb4.27.6&Prime; _module_preset=\u00a0\u00bbaa164253-d016-4936-9249-266eb6b8d19f\u00a0\u00bb header_text_color=\u00a0\u00bb#000000&Prime; custom_margin=\u00a0\u00bb||11px|220px|false|false\u00a0\u00bb custom_padding=\u00a0\u00bb||0px|||\u00a0\u00bb hover_enabled=\u00a0\u00bb0&Prime; locked=\u00a0\u00bboff\u00a0\u00bb global_colors_info=\u00a0\u00bb{}\u00a0\u00bb sticky_enabled=\u00a0\u00bb0&Prime;]<\/p>\n<h1>Plateforme Exposants\u00a0<\/h1>\n<p>[\/et_pb_text][\/et_pb_column][\/et_pb_row][et_pb_row _builder_version=\u00a0\u00bb4.27.4&Prime; _module_preset=\u00a0\u00bbdefault\u00a0\u00bb global_colors_info=\u00a0\u00bb{}\u00a0\u00bb][et_pb_column type=\u00a0\u00bb4_4&Prime; _builder_version=\u00a0\u00bb4.27.4&Prime; _module_preset=\u00a0\u00bbdefault\u00a0\u00bb global_colors_info=\u00a0\u00bb{}\u00a0\u00bb][et_pb_button button_url=\u00a0\u00bbhttps:\/\/aix-en-provence.vivre-cote-exposant.fr\/\u00a0\u00bb button_text=\u00a0\u00bbACC\u00c9DEZ \u00c0 LA PLATEFORME EXPOSANTS\u00a0\u00bb button_alignment=\u00a0\u00bbcenter\u00a0\u00bb _builder_version=\u00a0\u00bb4.27.4&Prime; _module_preset=\u00a0\u00bbdefault\u00a0\u00bb custom_button=\u00a0\u00bbon\u00a0\u00bb button_text_size=\u00a0\u00bb22px\u00a0\u00bb button_text_color=\u00a0\u00bb#0a0909&Prime; button_border_radius=\u00a0\u00bb0px\u00a0\u00bb button_icon=\u00a0\u00bb&#x24;||divi||400&Prime; transform_scale=\u00a0\u00bb130%|130%\u00a0\u00bb custom_margin=\u00a0\u00bb-17px|||||\u00a0\u00bb locked=\u00a0\u00bboff\u00a0\u00bb global_colors_info=\u00a0\u00bb{}\u00a0\u00bb][\/et_pb_button][\/et_pb_column][\/et_pb_row][\/et_pb_section][et_pb_section fb_built=\u00a0\u00bb1&Prime; _builder_version=\u00a0\u00bb4.27.4&Prime; _module_preset=\u00a0\u00bbdefault\u00a0\u00bb custom_padding=\u00a0\u00bb||17px|||\u00a0\u00bb global_colors_info=\u00a0\u00bb{}\u00a0\u00bb][et_pb_row _builder_version=\u00a0\u00bb4.27.4&Prime; _module_preset=\u00a0\u00bbdefault\u00a0\u00bb custom_padding=\u00a0\u00bb||214px|||\u00a0\u00bb global_colors_info=\u00a0\u00bb{}\u00a0\u00bb][et_pb_column type=\u00a0\u00bb4_4&Prime; _builder_version=\u00a0\u00bb4.27.4&Prime; _module_preset=\u00a0\u00bbdefault\u00a0\u00bb global_colors_info=\u00a0\u00bb{}\u00a0\u00bb][et_pb_text _builder_version=\u00a0\u00bb4.27.4&Prime; _module_preset=\u00a0\u00bbaa164253-d016-4936-9249-266eb6b8d19f\u00a0\u00bb text_font_size=\u00a0\u00bb10px\u00a0\u00bb header_font=\u00a0\u00bb|600|||||||\u00a0\u00bb header_text_color=\u00a0\u00bb#000000&Prime; header_font_size=\u00a0\u00bb27px\u00a0\u00bb min_height=\u00a0\u00bb45.8px\u00a0\u00bb custom_margin=\u00a0\u00bb10px||11px|-61px||\u00a0\u00bb custom_padding=\u00a0\u00bb||0px|27px||\u00a0\u00bb locked=\u00a0\u00bboff\u00a0\u00bb global_colors_info=\u00a0\u00bb{}\u00a0\u00bb]<\/p>\n<h1 style=\"text-align: center;\">Cette Plateforme est exclusivement r\u00e9serv\u00e9e aux exposants du Salon Vivre C\u00f4t\u00e9 Sud 2026, qui se tiendra du 5 au 8 juin \u00e0 Aix-en-Provence<\/h1>\n<p>&nbsp;<\/p>\n<p data-start=\"250\" data-end=\"530\" class=\"\">Vous y trouverez toutes les informations pratiques pour pr\u00e9parer votre <strong>participation<\/strong> : am\u00e9nagement de votre stand, r\u00e8glement, et commandes techniques. Un kit communication est \u00e9galement disponible pour annoncer votre pr\u00e9sence sur vos r\u00e9seaux sociaux et attirer plus de visiteurs !<\/p>\n<p data-start=\"532\" data-end=\"591\" class=\"\">Notre \u00e9quipe reste \u00e0 votre disposition pour toute question.<\/p>\n<p class=\"p1\">\n<p>[\/et_pb_text][\/et_pb_column][\/et_pb_row][et_pb_row _builder_version=\u00a0\u00bb4.27.4&Prime; _module_preset=\u00a0\u00bbdefault\u00a0\u00bb custom_margin=\u00a0\u00bb-22px|auto||auto||\u00a0\u00bb custom_padding=\u00a0\u00bb||0px|||\u00a0\u00bb locked=\u00a0\u00bboff\u00a0\u00bb global_colors_info=\u00a0\u00bb{}\u00a0\u00bb][et_pb_column type=\u00a0\u00bb4_4&Prime; _builder_version=\u00a0\u00bb4.27.4&Prime; _module_preset=\u00a0\u00bbdefault\u00a0\u00bb global_colors_info=\u00a0\u00bb{}\u00a0\u00bb][et_pb_image src=\u00a0\u00bbhttps:\/\/www.salonscotemaison.fr\/vivre-cote-sud-aix-en-provence\/wp-content\/uploads\/sites\/3\/2025\/04\/Capture-decran-2025-04-17-a-4.01.39\u202fPM.jpg\u00a0\u00bb title_text=\u00a0\u00bbPartenaires\u00a0\u00bb url=\u00a0\u00bbhttps:\/\/www.salonscotemaison.fr\/vivre-cote-sud-aix-en-provence\/partenaires\/\u00a0\u00bb url_new_window=\u00a0\u00bbon\u00a0\u00bb _builder_version=\u00a0\u00bb4.27.4&Prime; _module_preset=\u00a0\u00bbdefault\u00a0\u00bb width=\u00a0\u00bb80%\u00a0\u00bb module_alignment=\u00a0\u00bbcenter\u00a0\u00bb global_colors_info=\u00a0\u00bb{}\u00a0\u00bb][\/et_pb_image][\/et_pb_column][\/et_pb_row][\/et_pb_section][et_pb_section fb_built=\u00a0\u00bb1&Prime; admin_label=\u00a0\u00bbFooter\u00a0\u00bb _builder_version=\u00a0\u00bb4.27.4&Prime; _module_preset=\u00a0\u00bbdefault\u00a0\u00bb background_color=\u00a0\u00bb#000000&Prime; custom_padding=\u00a0\u00bb5px||19px||false|false\u00a0\u00bb saved_tabs=\u00a0\u00bball\u00a0\u00bb locked=\u00a0\u00bboff\u00a0\u00bb collapsed=\u00a0\u00bbon\u00a0\u00bb global_colors_info=\u00a0\u00bb{}\u00a0\u00bb][et_pb_row column_structure=\u00a0\u00bb1_3,1_3,1_3&Prime; _builder_version=\u00a0\u00bb4.27.4&Prime; _module_preset=\u00a0\u00bbdefault\u00a0\u00bb width=\u00a0\u00bb90%\u00a0\u00bb max_width=\u00a0\u00bbnone\u00a0\u00bb custom_margin=\u00a0\u00bb|auto|-17px|auto||\u00a0\u00bb custom_padding=\u00a0\u00bb11px||7px|||\u00a0\u00bb global_colors_info=\u00a0\u00bb{}\u00a0\u00bb][et_pb_column type=\u00a0\u00bb1_3&Prime; _builder_version=\u00a0\u00bb4.24.1&Prime; _module_preset=\u00a0\u00bbdefault\u00a0\u00bb global_colors_info=\u00a0\u00bb{}\u00a0\u00bb][et_pb_text quote_border_color=\u00a0\u00bb#FFFFFF\u00a0\u00bb _builder_version=\u00a0\u00bb4.27.4&Prime; _module_preset=\u00a0\u00bb11ae5650-a1f0-4609-8a82-2cb2b2b5187b\u00a0\u00bb text_text_color=\u00a0\u00bb#FFFFFF\u00a0\u00bb link_text_color=\u00a0\u00bb#FFFFFF\u00a0\u00bb quote_text_color=\u00a0\u00bb#FFFFFF\u00a0\u00bb custom_margin=\u00a0\u00bb||18px|||\u00a0\u00bb link_option_url=\u00a0\u00bbhttps:\/\/www.salonscotemaison.fr\/vivre-cote-sud-aix-en-provence\/mentions-legales\/\u00a0\u00bb link_option_url_new_window=\u00a0\u00bbon\u00a0\u00bb text_orientation_tablet=\u00a0\u00bbcenter\u00a0\u00bb text_orientation_phone=\u00a0\u00bbcenter\u00a0\u00bb text_orientation_last_edited=\u00a0\u00bbon|tablet\u00a0\u00bb global_colors_info=\u00a0\u00bb{}\u00a0\u00bb]<\/p>\n<h4><span style=\"color: #ffffff; font-size: small;\"><strong>MENTIONS L\u00c9GALES<\/strong><\/span><\/h4>\n<p>[\/et_pb_text][et_pb_text quote_border_color=\u00a0\u00bb#FFFFFF\u00a0\u00bb _builder_version=\u00a0\u00bb4.27.4&Prime; _module_preset=\u00a0\u00bb11ae5650-a1f0-4609-8a82-2cb2b2b5187b\u00a0\u00bb text_text_color=\u00a0\u00bb#FFFFFF\u00a0\u00bb link_text_color=\u00a0\u00bb#FFFFFF\u00a0\u00bb quote_text_color=\u00a0\u00bb#FFFFFF\u00a0\u00bb custom_margin=\u00a0\u00bb-17px||9px|||\u00a0\u00bb link_option_url=\u00a0\u00bbhttps:\/\/www.salonscotemaison.fr\/vivre-cote-sud-aix-en-provence\/gestion-des-cookies\/\u00a0\u00bb link_option_url_new_window=\u00a0\u00bbon\u00a0\u00bb text_orientation_tablet=\u00a0\u00bbcenter\u00a0\u00bb text_orientation_phone=\u00a0\u00bbcenter\u00a0\u00bb text_orientation_last_edited=\u00a0\u00bbon|tablet\u00a0\u00bb global_colors_info=\u00a0\u00bb{}\u00a0\u00bb]<\/p>\n<h4><span style=\"color: #ffffff; font-size: small;\"><strong>GESTION DES COOKIES<\/strong><\/span><\/h4>\n<p>[\/et_pb_text][et_pb_text quote_border_color=\u00a0\u00bb#FFFFFF\u00a0\u00bb _builder_version=\u00a0\u00bb4.27.4&Prime; _module_preset=\u00a0\u00bb11ae5650-a1f0-4609-8a82-2cb2b2b5187b\u00a0\u00bb text_text_color=\u00a0\u00bb#FFFFFF\u00a0\u00bb link_text_color=\u00a0\u00bb#FFFFFF\u00a0\u00bb quote_text_color=\u00a0\u00bb#FFFFFF\u00a0\u00bb custom_margin=\u00a0\u00bb-5px||28px|||\u00a0\u00bb link_option_url=\u00a0\u00bbhttps:\/\/www.salonscotemaison.fr\/vivre-cote-sud-aix-en-provence\/copyright-credits-photos\/\u00a0\u00bb link_option_url_new_window=\u00a0\u00bbon\u00a0\u00bb text_orientation_tablet=\u00a0\u00bbcenter\u00a0\u00bb text_orientation_phone=\u00a0\u00bbcenter\u00a0\u00bb text_orientation_last_edited=\u00a0\u00bbon|tablet\u00a0\u00bb global_colors_info=\u00a0\u00bb{}\u00a0\u00bb]<\/p>\n<h4><span style=\"color: #ffffff; font-size: small;\"><strong>COPYRIGHT ET CR\u00c9DITS<\/strong><\/span><\/h4>\n<p>[\/et_pb_text][et_pb_text quote_border_color=\u00a0\u00bb#FFFFFF\u00a0\u00bb _builder_version=\u00a0\u00bb4.27.4&Prime; _module_preset=\u00a0\u00bb11ae5650-a1f0-4609-8a82-2cb2b2b5187b\u00a0\u00bb text_text_color=\u00a0\u00bb#FFFFFF\u00a0\u00bb link_text_color=\u00a0\u00bb#FFFFFF\u00a0\u00bb quote_text_color=\u00a0\u00bb#FFFFFF\u00a0\u00bb custom_margin=\u00a0\u00bb-28px|||||\u00a0\u00bb custom_padding=\u00a0\u00bb0px|||||\u00a0\u00bb link_option_url=\u00a0\u00bbhttps:\/\/www.salonscotemaison.fr\/vivre-cote-sud-aix-en-provence\/protection-des-donnees-a-caractere-personnel\/\u00a0\u00bb link_option_url_new_window=\u00a0\u00bbon\u00a0\u00bb text_orientation_tablet=\u00a0\u00bbcenter\u00a0\u00bb text_orientation_phone=\u00a0\u00bbcenter\u00a0\u00bb text_orientation_last_edited=\u00a0\u00bbon|tablet\u00a0\u00bb global_colors_info=\u00a0\u00bb{}\u00a0\u00bb]<\/p>\n<h4><span style=\"color: #ffffff; font-size: small;\"><strong>PROTECTION DES DONN\u00c9ES PERSONNELLES<\/strong><\/span><\/h4>\n<p>[\/et_pb_text][\/et_pb_column][et_pb_column type=\u00a0\u00bb1_3&Prime; _builder_version=\u00a0\u00bb4.24.1&Prime; _module_preset=\u00a0\u00bbdefault\u00a0\u00bb global_colors_info=\u00a0\u00bb{}\u00a0\u00bb][et_pb_text _builder_version=\u00a0\u00bb4.27.6&Prime; _module_preset=\u00a0\u00bb291a1ce6-7305-4603-af85-61618b499d8b\u00a0\u00bb header_font_size=\u00a0\u00bb23px\u00a0\u00bb header_5_text_color=\u00a0\u00bb#FFFFFF\u00a0\u00bb text_orientation=\u00a0\u00bbcenter\u00a0\u00bb custom_margin=\u00a0\u00bb||-8px|||\u00a0\u00bb hover_enabled=\u00a0\u00bb0&Prime; global_colors_info=\u00a0\u00bb{}\u00a0\u00bb sticky_enabled=\u00a0\u00bb0&Prime;]<\/p>\n<h5><span style=\"font-size: small;\">5 &#8211; 8 JUIN 2026<\/span><\/h5>\n<p>[\/et_pb_text][et_pb_text _builder_version=\u00a0\u00bb4.27.4&Prime; _module_preset=\u00a0\u00bb291a1ce6-7305-4603-af85-61618b499d8b\u00a0\u00bb header_font_size=\u00a0\u00bb23px\u00a0\u00bb header_5_text_color=\u00a0\u00bb#FFFFFF\u00a0\u00bb text_orientation=\u00a0\u00bbcenter\u00a0\u00bb custom_margin=\u00a0\u00bb||9px|||\u00a0\u00bb global_colors_info=\u00a0\u00bb{}\u00a0\u00bb]<\/p>\n<h5><span style=\"font-size: small;\">PARC JOURDAN, AIX-EN-PROVENCE, 13100<\/span><\/h5>\n<p>[\/et_pb_text][et_pb_text _builder_version=\u00a0\u00bb4.27.4&Prime; _module_preset=\u00a0\u00bb291a1ce6-7305-4603-af85-61618b499d8b\u00a0\u00bb header_5_text_color=\u00a0\u00bb#FFFFFF\u00a0\u00bb text_orientation=\u00a0\u00bbcenter\u00a0\u00bb custom_margin=\u00a0\u00bb-6px||-10px|||\u00a0\u00bb custom_padding=\u00a0\u00bb||3px|||\u00a0\u00bb global_colors_info=\u00a0\u00bb{}\u00a0\u00bb]<\/p>\n<h5><span style=\"font-size: small;\">C\u00f4t\u00e9 maison &#8211; salon vivre c\u00f4t\u00e9 sud<\/span><\/h5>\n<p>[\/et_pb_text][et_pb_text _builder_version=\u00a0\u00bb4.27.4&Prime; _module_preset=\u00a0\u00bb291a1ce6-7305-4603-af85-61618b499d8b\u00a0\u00bb header_5_text_color=\u00a0\u00bb#FFFFFF\u00a0\u00bb text_orientation=\u00a0\u00bbcenter\u00a0\u00bb global_colors_info=\u00a0\u00bb{}\u00a0\u00bb]<\/p>\n<h5><span style=\"font-size: small;\">42 avenue de friedland, 75008 paris<\/span><\/h5>\n<p>[\/et_pb_text][\/et_pb_column][et_pb_column type=\u00a0\u00bb1_3&Prime; _builder_version=\u00a0\u00bb4.24.1&Prime; _module_preset=\u00a0\u00bbdefault\u00a0\u00bb global_colors_info=\u00a0\u00bb{}\u00a0\u00bb][et_pb_text _builder_version=\u00a0\u00bb4.27.4&Prime; _module_preset=\u00a0\u00bb291a1ce6-7305-4603-af85-61618b499d8b\u00a0\u00bb link_font=\u00a0\u00bb||||on||||\u00a0\u00bb header_5_text_color=\u00a0\u00bb#FFFFFF\u00a0\u00bb text_orientation=\u00a0\u00bbright\u00a0\u00bb custom_margin=\u00a0\u00bb||10px||false|false\u00a0\u00bb text_orientation_tablet=\u00a0\u00bbcenter\u00a0\u00bb text_orientation_phone=\u00a0\u00bbcenter\u00a0\u00bb text_orientation_last_edited=\u00a0\u00bbon|tablet\u00a0\u00bb locked=\u00a0\u00bboff\u00a0\u00bb global_colors_info=\u00a0\u00bb{}\u00a0\u00bb]<\/p>\n<h5><span style=\"font-size: small;\">INFOS@VIVRECOTESUD.FR<\/span><\/h5>\n<p>[\/et_pb_text][et_pb_social_media_follow _builder_version=\u00a0\u00bb4.27.4&Prime; _module_preset=\u00a0\u00bbdefault\u00a0\u00bb text_orientation=\u00a0\u00bbright\u00a0\u00bb custom_margin=\u00a0\u00bb-16px|||||\u00a0\u00bb text_orientation_tablet=\u00a0\u00bbcenter\u00a0\u00bb text_orientation_phone=\u00a0\u00bbcenter\u00a0\u00bb text_orientation_last_edited=\u00a0\u00bbon|tablet\u00a0\u00bb global_colors_info=\u00a0\u00bb{}\u00a0\u00bb][et_pb_social_media_follow_network social_network=\u00a0\u00bbinstagram\u00a0\u00bb url=\u00a0\u00bbhttps:\/\/www.instagram.com\/salonvivrecotesud\/?hl=fr\u00a0\u00bb _builder_version=\u00a0\u00bb4.27.4&Prime; _module_preset=\u00a0\u00bbdefault\u00a0\u00bb global_colors_info=\u00a0\u00bb{}\u00a0\u00bb follow_button=\u00a0\u00bboff\u00a0\u00bb url_new_window=\u00a0\u00bbon\u00a0\u00bb]instagram[\/et_pb_social_media_follow_network][et_pb_social_media_follow_network social_network=\u00a0\u00bbfacebook\u00a0\u00bb url=\u00a0\u00bbhttps:\/\/www.facebook.com\/vivrecotesud\/photos\/?_rdr\u00a0\u00bb _builder_version=\u00a0\u00bb4.27.4&Prime; _module_preset=\u00a0\u00bbdefault\u00a0\u00bb global_colors_info=\u00a0\u00bb{}\u00a0\u00bb follow_button=\u00a0\u00bboff\u00a0\u00bb url_new_window=\u00a0\u00bbon\u00a0\u00bb]facebook[\/et_pb_social_media_follow_network][et_pb_social_media_follow_network social_network=\u00a0\u00bblinkedin\u00a0\u00bb url=\u00a0\u00bbhttps:\/\/www.linkedin.com\/company\/14821610\/admin\/dashboard\/\u00a0\u00bb _builder_version=\u00a0\u00bb4.27.4&Prime; _module_preset=\u00a0\u00bbdefault\u00a0\u00bb background_enable_color=\u00a0\u00bboff\u00a0\u00bb global_colors_info=\u00a0\u00bb{}\u00a0\u00bb follow_button=\u00a0\u00bboff\u00a0\u00bb url_new_window=\u00a0\u00bbon\u00a0\u00bb]linkedin[\/et_pb_social_media_follow_network][\/et_pb_social_media_follow][\/et_pb_column][\/et_pb_row][\/et_pb_section]<\/p>\n","protected":false},"excerpt":{"rendered":"<p>Plateforme Exposants\u00a0Cette Plateforme est exclusivement r\u00e9serv\u00e9e aux exposants du Salon Vivre C\u00f4t\u00e9 Sud 2026, qui se tiendra du 5 au 8 juin \u00e0 Aix-en-Provence &nbsp; Vous y trouverez toutes les informations pratiques pour pr\u00e9parer votre participation : am\u00e9nagement de votre stand, r\u00e8glement, et commandes techniques. Un kit communication est \u00e9galement disponible pour annoncer votre pr\u00e9sence [&hellip;]<\/p>\n","protected":false},"author":3,"featured_media":0,"parent":0,"menu_order":0,"comment_status":"closed","ping_status":"closed","template":"","meta":{"_acf_changed":false,"_et_pb_use_builder":"on","_et_pb_old_content":"","_et_gb_content_width":"","footnotes":""},"class_list":["post-75833","page","type-page","status-publish","hentry"],"acf":[],"yoast_head":"<!-- This site is optimized with the Yoast SEO plugin v27.1.1 - https:\/\/yoast.com\/product\/yoast-seo-wordpress\/ -->\n<title>Plateforme Exposants - Vivre C\u00f4t\u00e9 Sud Aix-en-provence<\/title>\n<meta name=\"description\" content=\"Pr\u00e9parez votre participation \u00e0 la 25e \u00e9dition du Salon Vivre C\u00f4t\u00e9 Sud, du 30 mai au 2 juin 2025, \u00e0 Aix-en-Provence. Retrouvez toutes les informations pratiques sur l\u2019am\u00e9nagement de votre stand, les commandes techniques, et acc\u00e9dez \u00e0 un kit de communication pour annoncer votre pr\u00e9sence. Notre \u00e9quipe est l\u00e0 pour vous accompagner afin de garantir le succ\u00e8s de votre exp\u00e9rience au salon !\" \/>\n<meta name=\"robots\" content=\"index, follow, max-snippet:-1, max-image-preview:large, max-video-preview:-1\" \/>\n<link rel=\"canonical\" href=\"https:\/\/www.salonscotemaison.fr\/vivre-cote-sud-aix-en-provence\/plateforme-exposants\/\" \/>\n<meta property=\"og:locale\" content=\"fr_FR\" \/>\n<meta property=\"og:type\" content=\"article\" \/>\n<meta property=\"og:title\" content=\"Plateforme Exposants - Vivre C\u00f4t\u00e9 Sud Aix-en-provence\" \/>\n<meta property=\"og:description\" content=\"Pr\u00e9parez votre participation \u00e0 la 25e \u00e9dition du Salon Vivre C\u00f4t\u00e9 Sud, du 30 mai au 2 juin 2025, \u00e0 Aix-en-Provence. Retrouvez toutes les informations pratiques sur l\u2019am\u00e9nagement de votre stand, les commandes techniques, et acc\u00e9dez \u00e0 un kit de communication pour annoncer votre pr\u00e9sence. Notre \u00e9quipe est l\u00e0 pour vous accompagner afin de garantir le succ\u00e8s de votre exp\u00e9rience au salon !\" \/>\n<meta property=\"og:url\" content=\"https:\/\/www.salonscotemaison.fr\/vivre-cote-sud-aix-en-provence\/plateforme-exposants\/\" \/>\n<meta property=\"og:site_name\" content=\"Vivre C\u00f4t\u00e9 Sud Aix-en-provence\" \/>\n<meta property=\"article:modified_time\" content=\"2026-04-09T10:22:58+00:00\" \/>\n<meta name=\"twitter:card\" content=\"summary_large_image\" \/>\n<meta name=\"twitter:label1\" content=\"Dur\u00e9e de lecture estim\u00e9e\" \/>\n\t<meta name=\"twitter:data1\" content=\"1 minute\" \/>\n<script type=\"application\/ld+json\" class=\"yoast-schema-graph\">{\"@context\":\"https:\/\/schema.org\",\"@graph\":[{\"@type\":\"WebPage\",\"@id\":\"https:\/\/www.salonscotemaison.fr\/vivre-cote-sud-aix-en-provence\/plateforme-exposants\/\",\"url\":\"https:\/\/www.salonscotemaison.fr\/vivre-cote-sud-aix-en-provence\/plateforme-exposants\/\",\"name\":\"Plateforme Exposants - Vivre C\u00f4t\u00e9 Sud Aix-en-provence\",\"isPartOf\":{\"@id\":\"https:\/\/www.salonscotemaison.fr\/vivre-cote-sud-aix-en-provence\/#website\"},\"datePublished\":\"2025-04-02T09:16:42+00:00\",\"dateModified\":\"2026-04-09T10:22:58+00:00\",\"description\":\"Pr\u00e9parez votre participation \u00e0 la 25e \u00e9dition du Salon Vivre C\u00f4t\u00e9 Sud, du 30 mai au 2 juin 2025, \u00e0 Aix-en-Provence. Retrouvez toutes les informations pratiques sur l\u2019am\u00e9nagement de votre stand, les commandes techniques, et acc\u00e9dez \u00e0 un kit de communication pour annoncer votre pr\u00e9sence. Notre \u00e9quipe est l\u00e0 pour vous accompagner afin de garantir le succ\u00e8s de votre exp\u00e9rience au salon !\",\"breadcrumb\":{\"@id\":\"https:\/\/www.salonscotemaison.fr\/vivre-cote-sud-aix-en-provence\/plateforme-exposants\/#breadcrumb\"},\"inLanguage\":\"fr-FR\",\"potentialAction\":[{\"@type\":\"ReadAction\",\"target\":[\"https:\/\/www.salonscotemaison.fr\/vivre-cote-sud-aix-en-provence\/plateforme-exposants\/\"]}]},{\"@type\":\"BreadcrumbList\",\"@id\":\"https:\/\/www.salonscotemaison.fr\/vivre-cote-sud-aix-en-provence\/plateforme-exposants\/#breadcrumb\",\"itemListElement\":[{\"@type\":\"ListItem\",\"position\":1,\"name\":\"Accueil\",\"item\":\"https:\/\/www.salonscotemaison.fr\/vivre-cote-sud-aix-en-provence\/\"},{\"@type\":\"ListItem\",\"position\":2,\"name\":\"Plateforme Exposants\"}]},{\"@type\":\"WebSite\",\"@id\":\"https:\/\/www.salonscotemaison.fr\/vivre-cote-sud-aix-en-provence\/#website\",\"url\":\"https:\/\/www.salonscotemaison.fr\/vivre-cote-sud-aix-en-provence\/\",\"name\":\"Vivre C\u00f4t\u00e9 Sud Aix-en-provence\",\"description\":\"Les salons de Vivre C\u00f4t\u00e9 Sud\",\"potentialAction\":[{\"@type\":\"SearchAction\",\"target\":{\"@type\":\"EntryPoint\",\"urlTemplate\":\"https:\/\/www.salonscotemaison.fr\/vivre-cote-sud-aix-en-provence\/?s={search_term_string}\"},\"query-input\":{\"@type\":\"PropertyValueSpecification\",\"valueRequired\":true,\"valueName\":\"search_term_string\"}}],\"inLanguage\":\"fr-FR\"}]}<\/script>\n<!-- \/ Yoast SEO plugin. -->","yoast_head_json":{"title":"Plateforme Exposants - Vivre C\u00f4t\u00e9 Sud Aix-en-provence","description":"Pr\u00e9parez votre participation \u00e0 la 25e \u00e9dition du Salon Vivre C\u00f4t\u00e9 Sud, du 30 mai au 2 juin 2025, \u00e0 Aix-en-Provence. Retrouvez toutes les informations pratiques sur l\u2019am\u00e9nagement de votre stand, les commandes techniques, et acc\u00e9dez \u00e0 un kit de communication pour annoncer votre pr\u00e9sence. Notre \u00e9quipe est l\u00e0 pour vous accompagner afin de garantir le succ\u00e8s de votre exp\u00e9rience au salon !","robots":{"index":"index","follow":"follow","max-snippet":"max-snippet:-1","max-image-preview":"max-image-preview:large","max-video-preview":"max-video-preview:-1"},"canonical":"https:\/\/www.salonscotemaison.fr\/vivre-cote-sud-aix-en-provence\/plateforme-exposants\/","og_locale":"fr_FR","og_type":"article","og_title":"Plateforme Exposants - Vivre C\u00f4t\u00e9 Sud Aix-en-provence","og_description":"Pr\u00e9parez votre participation \u00e0 la 25e \u00e9dition du Salon Vivre C\u00f4t\u00e9 Sud, du 30 mai au 2 juin 2025, \u00e0 Aix-en-Provence. Retrouvez toutes les informations pratiques sur l\u2019am\u00e9nagement de votre stand, les commandes techniques, et acc\u00e9dez \u00e0 un kit de communication pour annoncer votre pr\u00e9sence. Notre \u00e9quipe est l\u00e0 pour vous accompagner afin de garantir le succ\u00e8s de votre exp\u00e9rience au salon !","og_url":"https:\/\/www.salonscotemaison.fr\/vivre-cote-sud-aix-en-provence\/plateforme-exposants\/","og_site_name":"Vivre C\u00f4t\u00e9 Sud Aix-en-provence","article_modified_time":"2026-04-09T10:22:58+00:00","twitter_card":"summary_large_image","twitter_misc":{"Dur\u00e9e de lecture estim\u00e9e":"1 minute"},"schema":{"@context":"https:\/\/schema.org","@graph":[{"@type":"WebPage","@id":"https:\/\/www.salonscotemaison.fr\/vivre-cote-sud-aix-en-provence\/plateforme-exposants\/","url":"https:\/\/www.salonscotemaison.fr\/vivre-cote-sud-aix-en-provence\/plateforme-exposants\/","name":"Plateforme Exposants - Vivre C\u00f4t\u00e9 Sud Aix-en-provence","isPartOf":{"@id":"https:\/\/www.salonscotemaison.fr\/vivre-cote-sud-aix-en-provence\/#website"},"datePublished":"2025-04-02T09:16:42+00:00","dateModified":"2026-04-09T10:22:58+00:00","description":"Pr\u00e9parez votre participation \u00e0 la 25e \u00e9dition du Salon Vivre C\u00f4t\u00e9 Sud, du 30 mai au 2 juin 2025, \u00e0 Aix-en-Provence. Retrouvez toutes les informations pratiques sur l\u2019am\u00e9nagement de votre stand, les commandes techniques, et acc\u00e9dez \u00e0 un kit de communication pour annoncer votre pr\u00e9sence. Notre \u00e9quipe est l\u00e0 pour vous accompagner afin de garantir le succ\u00e8s de votre exp\u00e9rience au salon !","breadcrumb":{"@id":"https:\/\/www.salonscotemaison.fr\/vivre-cote-sud-aix-en-provence\/plateforme-exposants\/#breadcrumb"},"inLanguage":"fr-FR","potentialAction":[{"@type":"ReadAction","target":["https:\/\/www.salonscotemaison.fr\/vivre-cote-sud-aix-en-provence\/plateforme-exposants\/"]}]},{"@type":"BreadcrumbList","@id":"https:\/\/www.salonscotemaison.fr\/vivre-cote-sud-aix-en-provence\/plateforme-exposants\/#breadcrumb","itemListElement":[{"@type":"ListItem","position":1,"name":"Accueil","item":"https:\/\/www.salonscotemaison.fr\/vivre-cote-sud-aix-en-provence\/"},{"@type":"ListItem","position":2,"name":"Plateforme Exposants"}]},{"@type":"WebSite","@id":"https:\/\/www.salonscotemaison.fr\/vivre-cote-sud-aix-en-provence\/#website","url":"https:\/\/www.salonscotemaison.fr\/vivre-cote-sud-aix-en-provence\/","name":"Vivre C\u00f4t\u00e9 Sud Aix-en-provence","description":"Les salons de Vivre C\u00f4t\u00e9 Sud","potentialAction":[{"@type":"SearchAction","target":{"@type":"EntryPoint","urlTemplate":"https:\/\/www.salonscotemaison.fr\/vivre-cote-sud-aix-en-provence\/?s={search_term_string}"},"query-input":{"@type":"PropertyValueSpecification","valueRequired":true,"valueName":"search_term_string"}}],"inLanguage":"fr-FR"}]}},"post_mailing_queue_ids":[],"_links":{"self":[{"href":"https:\/\/www.salonscotemaison.fr\/vivre-cote-sud-aix-en-provence\/wp-json\/wp\/v2\/pages\/75833","targetHints":{"allow":["GET"]}}],"collection":[{"href":"https:\/\/www.salonscotemaison.fr\/vivre-cote-sud-aix-en-provence\/wp-json\/wp\/v2\/pages"}],"about":[{"href":"https:\/\/www.salonscotemaison.fr\/vivre-cote-sud-aix-en-provence\/wp-json\/wp\/v2\/types\/page"}],"author":[{"embeddable":true,"href":"https:\/\/www.salonscotemaison.fr\/vivre-cote-sud-aix-en-provence\/wp-json\/wp\/v2\/users\/3"}],"replies":[{"embeddable":true,"href":"https:\/\/www.salonscotemaison.fr\/vivre-cote-sud-aix-en-provence\/wp-json\/wp\/v2\/comments?post=75833"}],"version-history":[{"count":18,"href":"https:\/\/www.salonscotemaison.fr\/vivre-cote-sud-aix-en-provence\/wp-json\/wp\/v2\/pages\/75833\/revisions"}],"predecessor-version":[{"id":77819,"href":"https:\/\/www.salonscotemaison.fr\/vivre-cote-sud-aix-en-provence\/wp-json\/wp\/v2\/pages\/75833\/revisions\/77819"}],"wp:attachment":[{"href":"https:\/\/www.salonscotemaison.fr\/vivre-cote-sud-aix-en-provence\/wp-json\/wp\/v2\/media?parent=75833"}],"curies":[{"name":"wp","href":"https:\/\/api.w.org\/{rel}","templated":true}]}}