{"id":75916,"date":"2025-04-11T14:59:50","date_gmt":"2025-04-11T12:59:50","guid":{"rendered":"https:\/\/www.salonscotemaison.fr\/vivre-cote-sud-aix-en-provence\/?page_id=75916"},"modified":"2026-03-19T16:42:45","modified_gmt":"2026-03-19T15:42:45","slug":"scenographie-page-exposant","status":"publish","type":"page","link":"https:\/\/www.salonscotemaison.fr\/vivre-cote-sud-aix-en-provence\/scenographie-page-exposant\/","title":{"rendered":"Sc\u00e9nographie &#8211; Page exposant"},"content":{"rendered":"<p>[et_pb_section fb_built=\u00a0\u00bb1&Prime; _builder_version=\u00a0\u00bb4.27.4&Prime; _module_preset=\u00a0\u00bbdefault\u00a0\u00bb custom_padding=\u00a0\u00bb133px||3px|||\u00a0\u00bb locked=\u00a0\u00bboff\u00a0\u00bb global_colors_info=\u00a0\u00bb{}\u00a0\u00bb][et_pb_row _builder_version=\u00a0\u00bb4.27.6&Prime; _module_preset=\u00a0\u00bbdefault\u00a0\u00bb hover_enabled=\u00a0\u00bb0&Prime; global_colors_info=\u00a0\u00bb{}\u00a0\u00bb sticky_enabled=\u00a0\u00bb0&Prime;][et_pb_column type=\u00a0\u00bb4_4&Prime; _builder_version=\u00a0\u00bb4.27.6&Prime; _module_preset=\u00a0\u00bbdefault\u00a0\u00bb global_colors_info=\u00a0\u00bb{}\u00a0\u00bb][et_pb_text _builder_version=\u00a0\u00bb4.27.6&Prime; _module_preset=\u00a0\u00bb74ad3094-0687-4975-8b98-ba9f2e8ca9ab\u00a0\u00bb hover_enabled=\u00a0\u00bb0&Prime; sticky_enabled=\u00a0\u00bb0&Prime; text_font_size=\u00a0\u00bb34px\u00a0\u00bb]<\/p>\n<p>\u00c0 VENIR&#8230;<\/p>\n<p>[\/et_pb_text][\/et_pb_column][\/et_pb_row][\/et_pb_section][et_pb_section fb_built=\u00a0\u00bb1&Prime; admin_label=\u00a0\u00bbFooter\u00a0\u00bb _builder_version=\u00a0\u00bb4.27.4&Prime; _module_preset=\u00a0\u00bbdefault\u00a0\u00bb background_color=\u00a0\u00bb#000000&Prime; custom_padding=\u00a0\u00bb5px||19px||false|false\u00a0\u00bb saved_tabs=\u00a0\u00bball\u00a0\u00bb locked=\u00a0\u00bboff\u00a0\u00bb collapsed=\u00a0\u00bbon\u00a0\u00bb global_colors_info=\u00a0\u00bb{}\u00a0\u00bb][et_pb_row column_structure=\u00a0\u00bb1_3,1_3,1_3&Prime; _builder_version=\u00a0\u00bb4.27.4&Prime; _module_preset=\u00a0\u00bbdefault\u00a0\u00bb width=\u00a0\u00bb90%\u00a0\u00bb max_width=\u00a0\u00bbnone\u00a0\u00bb custom_margin=\u00a0\u00bb|auto|-17px|auto||\u00a0\u00bb custom_padding=\u00a0\u00bb11px||7px|||\u00a0\u00bb global_colors_info=\u00a0\u00bb{}\u00a0\u00bb][et_pb_column type=\u00a0\u00bb1_3&Prime; _builder_version=\u00a0\u00bb4.24.1&Prime; _module_preset=\u00a0\u00bbdefault\u00a0\u00bb global_colors_info=\u00a0\u00bb{}\u00a0\u00bb][et_pb_text quote_border_color=\u00a0\u00bb#FFFFFF\u00a0\u00bb _builder_version=\u00a0\u00bb4.27.4&Prime; _module_preset=\u00a0\u00bb11ae5650-a1f0-4609-8a82-2cb2b2b5187b\u00a0\u00bb text_text_color=\u00a0\u00bb#FFFFFF\u00a0\u00bb link_text_color=\u00a0\u00bb#FFFFFF\u00a0\u00bb quote_text_color=\u00a0\u00bb#FFFFFF\u00a0\u00bb custom_margin=\u00a0\u00bb||18px|||\u00a0\u00bb link_option_url=\u00a0\u00bbhttps:\/\/www.salonscotemaison.fr\/vivre-cote-sud-aix-en-provence\/mentions-legales\/\u00a0\u00bb link_option_url_new_window=\u00a0\u00bbon\u00a0\u00bb text_orientation_tablet=\u00a0\u00bbcenter\u00a0\u00bb text_orientation_phone=\u00a0\u00bbcenter\u00a0\u00bb text_orientation_last_edited=\u00a0\u00bbon|tablet\u00a0\u00bb global_colors_info=\u00a0\u00bb{}\u00a0\u00bb]<\/p>\n<h4><span style=\"color: #ffffff; font-size: small;\"><strong>MENTIONS L\u00c9GALES<\/strong><\/span><\/h4>\n<p>[\/et_pb_text][et_pb_text quote_border_color=\u00a0\u00bb#FFFFFF\u00a0\u00bb _builder_version=\u00a0\u00bb4.27.4&Prime; _module_preset=\u00a0\u00bb11ae5650-a1f0-4609-8a82-2cb2b2b5187b\u00a0\u00bb text_text_color=\u00a0\u00bb#FFFFFF\u00a0\u00bb link_text_color=\u00a0\u00bb#FFFFFF\u00a0\u00bb quote_text_color=\u00a0\u00bb#FFFFFF\u00a0\u00bb custom_margin=\u00a0\u00bb-17px||9px|||\u00a0\u00bb link_option_url=\u00a0\u00bbhttps:\/\/www.salonscotemaison.fr\/vivre-cote-sud-aix-en-provence\/gestion-des-cookies\/\u00a0\u00bb link_option_url_new_window=\u00a0\u00bbon\u00a0\u00bb text_orientation_tablet=\u00a0\u00bbcenter\u00a0\u00bb text_orientation_phone=\u00a0\u00bbcenter\u00a0\u00bb text_orientation_last_edited=\u00a0\u00bbon|tablet\u00a0\u00bb global_colors_info=\u00a0\u00bb{}\u00a0\u00bb]<\/p>\n<h4><span style=\"color: #ffffff; font-size: small;\"><strong>GESTION DES COOKIES<\/strong><\/span><\/h4>\n<p>[\/et_pb_text][et_pb_text quote_border_color=\u00a0\u00bb#FFFFFF\u00a0\u00bb _builder_version=\u00a0\u00bb4.27.4&Prime; _module_preset=\u00a0\u00bb11ae5650-a1f0-4609-8a82-2cb2b2b5187b\u00a0\u00bb text_text_color=\u00a0\u00bb#FFFFFF\u00a0\u00bb link_text_color=\u00a0\u00bb#FFFFFF\u00a0\u00bb quote_text_color=\u00a0\u00bb#FFFFFF\u00a0\u00bb custom_margin=\u00a0\u00bb-5px||28px|||\u00a0\u00bb link_option_url=\u00a0\u00bbhttps:\/\/www.salonscotemaison.fr\/vivre-cote-sud-aix-en-provence\/copyright-credits-photos\/\u00a0\u00bb link_option_url_new_window=\u00a0\u00bbon\u00a0\u00bb text_orientation_tablet=\u00a0\u00bbcenter\u00a0\u00bb text_orientation_phone=\u00a0\u00bbcenter\u00a0\u00bb text_orientation_last_edited=\u00a0\u00bbon|tablet\u00a0\u00bb global_colors_info=\u00a0\u00bb{}\u00a0\u00bb]<\/p>\n<h4><span style=\"color: #ffffff; font-size: small;\"><strong>COPYRIGHT ET CR\u00c9DITS<\/strong><\/span><\/h4>\n<p>[\/et_pb_text][et_pb_text quote_border_color=\u00a0\u00bb#FFFFFF\u00a0\u00bb _builder_version=\u00a0\u00bb4.27.4&Prime; _module_preset=\u00a0\u00bb11ae5650-a1f0-4609-8a82-2cb2b2b5187b\u00a0\u00bb text_text_color=\u00a0\u00bb#FFFFFF\u00a0\u00bb link_text_color=\u00a0\u00bb#FFFFFF\u00a0\u00bb quote_text_color=\u00a0\u00bb#FFFFFF\u00a0\u00bb custom_margin=\u00a0\u00bb-28px|||||\u00a0\u00bb custom_padding=\u00a0\u00bb0px|||||\u00a0\u00bb link_option_url=\u00a0\u00bbhttps:\/\/www.salonscotemaison.fr\/vivre-cote-sud-aix-en-provence\/protection-des-donnees-a-caractere-personnel\/\u00a0\u00bb link_option_url_new_window=\u00a0\u00bbon\u00a0\u00bb text_orientation_tablet=\u00a0\u00bbcenter\u00a0\u00bb text_orientation_phone=\u00a0\u00bbcenter\u00a0\u00bb text_orientation_last_edited=\u00a0\u00bbon|tablet\u00a0\u00bb global_colors_info=\u00a0\u00bb{}\u00a0\u00bb]<\/p>\n<h4><span style=\"color: #ffffff; font-size: small;\"><strong>PROTECTION DES DONN\u00c9ES PERSONNELLES<\/strong><\/span><\/h4>\n<p>[\/et_pb_text][\/et_pb_column][et_pb_column type=\u00a0\u00bb1_3&Prime; _builder_version=\u00a0\u00bb4.24.1&Prime; _module_preset=\u00a0\u00bbdefault\u00a0\u00bb global_colors_info=\u00a0\u00bb{}\u00a0\u00bb][et_pb_text _builder_version=\u00a0\u00bb4.27.4&Prime; _module_preset=\u00a0\u00bb291a1ce6-7305-4603-af85-61618b499d8b\u00a0\u00bb header_font_size=\u00a0\u00bb23px\u00a0\u00bb header_5_text_color=\u00a0\u00bb#FFFFFF\u00a0\u00bb text_orientation=\u00a0\u00bbcenter\u00a0\u00bb custom_margin=\u00a0\u00bb||-8px|||\u00a0\u00bb global_colors_info=\u00a0\u00bb{}\u00a0\u00bb]<\/p>\n<h5><span style=\"font-size: small;\">5 JUIN &#8211; 8 juin 2026<\/span><\/h5>\n<p>[\/et_pb_text][et_pb_text _builder_version=\u00a0\u00bb4.27.4&Prime; _module_preset=\u00a0\u00bb291a1ce6-7305-4603-af85-61618b499d8b\u00a0\u00bb header_font_size=\u00a0\u00bb23px\u00a0\u00bb header_5_text_color=\u00a0\u00bb#FFFFFF\u00a0\u00bb text_orientation=\u00a0\u00bbcenter\u00a0\u00bb custom_margin=\u00a0\u00bb||9px|||\u00a0\u00bb global_colors_info=\u00a0\u00bb{}\u00a0\u00bb]<\/p>\n<h5><span style=\"font-size: small;\">PARC JOURDAN, AIX-EN-PROVENCE, 13100<\/span><\/h5>\n<p>[\/et_pb_text][et_pb_text _builder_version=\u00a0\u00bb4.27.4&Prime; _module_preset=\u00a0\u00bb291a1ce6-7305-4603-af85-61618b499d8b\u00a0\u00bb header_5_text_color=\u00a0\u00bb#FFFFFF\u00a0\u00bb text_orientation=\u00a0\u00bbcenter\u00a0\u00bb custom_margin=\u00a0\u00bb-6px||-10px|||\u00a0\u00bb custom_padding=\u00a0\u00bb||3px|||\u00a0\u00bb global_colors_info=\u00a0\u00bb{}\u00a0\u00bb]<\/p>\n<h5><span style=\"font-size: small;\">C\u00f4t\u00e9 maison &#8211; salon vivre c\u00f4t\u00e9 sud<\/span><\/h5>\n<p>[\/et_pb_text][et_pb_text _builder_version=\u00a0\u00bb4.27.4&Prime; _module_preset=\u00a0\u00bb291a1ce6-7305-4603-af85-61618b499d8b\u00a0\u00bb header_5_text_color=\u00a0\u00bb#FFFFFF\u00a0\u00bb text_orientation=\u00a0\u00bbcenter\u00a0\u00bb global_colors_info=\u00a0\u00bb{}\u00a0\u00bb]<\/p>\n<h5><span style=\"font-size: small;\">42 avenue de friedland, 75008 paris<\/span><\/h5>\n<p>[\/et_pb_text][\/et_pb_column][et_pb_column type=\u00a0\u00bb1_3&Prime; _builder_version=\u00a0\u00bb4.24.1&Prime; _module_preset=\u00a0\u00bbdefault\u00a0\u00bb global_colors_info=\u00a0\u00bb{}\u00a0\u00bb][et_pb_text _builder_version=\u00a0\u00bb4.27.4&Prime; _module_preset=\u00a0\u00bb291a1ce6-7305-4603-af85-61618b499d8b\u00a0\u00bb link_font=\u00a0\u00bb||||on||||\u00a0\u00bb header_5_text_color=\u00a0\u00bb#FFFFFF\u00a0\u00bb text_orientation=\u00a0\u00bbright\u00a0\u00bb custom_margin=\u00a0\u00bb||10px||false|false\u00a0\u00bb text_orientation_tablet=\u00a0\u00bbcenter\u00a0\u00bb text_orientation_phone=\u00a0\u00bbcenter\u00a0\u00bb text_orientation_last_edited=\u00a0\u00bbon|tablet\u00a0\u00bb locked=\u00a0\u00bboff\u00a0\u00bb global_colors_info=\u00a0\u00bb{}\u00a0\u00bb]<\/p>\n<h5><span style=\"font-size: small;\">INFO@VIVRECOTESUD.FR<\/span><\/h5>\n<p>[\/et_pb_text][et_pb_social_media_follow _builder_version=\u00a0\u00bb4.27.4&Prime; _module_preset=\u00a0\u00bbdefault\u00a0\u00bb text_orientation=\u00a0\u00bbright\u00a0\u00bb custom_margin=\u00a0\u00bb-16px|||||\u00a0\u00bb text_orientation_tablet=\u00a0\u00bbcenter\u00a0\u00bb text_orientation_phone=\u00a0\u00bbcenter\u00a0\u00bb text_orientation_last_edited=\u00a0\u00bbon|tablet\u00a0\u00bb global_colors_info=\u00a0\u00bb{}\u00a0\u00bb][et_pb_social_media_follow_network social_network=\u00a0\u00bbinstagram\u00a0\u00bb url=\u00a0\u00bbhttps:\/\/www.instagram.com\/salonvivrecotesud\/?hl=fr\u00a0\u00bb _builder_version=\u00a0\u00bb4.27.4&Prime; _module_preset=\u00a0\u00bbdefault\u00a0\u00bb global_colors_info=\u00a0\u00bb{}\u00a0\u00bb follow_button=\u00a0\u00bboff\u00a0\u00bb url_new_window=\u00a0\u00bbon\u00a0\u00bb]instagram[\/et_pb_social_media_follow_network][et_pb_social_media_follow_network social_network=\u00a0\u00bbfacebook\u00a0\u00bb url=\u00a0\u00bbhttps:\/\/www.facebook.com\/vivrecotesud\/photos\/?_rdr\u00a0\u00bb _builder_version=\u00a0\u00bb4.27.4&Prime; _module_preset=\u00a0\u00bbdefault\u00a0\u00bb global_colors_info=\u00a0\u00bb{}\u00a0\u00bb follow_button=\u00a0\u00bboff\u00a0\u00bb url_new_window=\u00a0\u00bbon\u00a0\u00bb]facebook[\/et_pb_social_media_follow_network][et_pb_social_media_follow_network social_network=\u00a0\u00bblinkedin\u00a0\u00bb url=\u00a0\u00bbhttps:\/\/www.linkedin.com\/company\/14821610\/admin\/dashboard\/\u00a0\u00bb _builder_version=\u00a0\u00bb4.27.4&Prime; _module_preset=\u00a0\u00bbdefault\u00a0\u00bb background_enable_color=\u00a0\u00bboff\u00a0\u00bb global_colors_info=\u00a0\u00bb{}\u00a0\u00bb follow_button=\u00a0\u00bboff\u00a0\u00bb url_new_window=\u00a0\u00bbon\u00a0\u00bb]linkedin[\/et_pb_social_media_follow_network][\/et_pb_social_media_follow][\/et_pb_column][\/et_pb_row][\/et_pb_section]<\/p>\n","protected":false},"excerpt":{"rendered":"<p>\u00c0 VENIR&#8230;MENTIONS L\u00c9GALESGESTION DES COOKIESCOPYRIGHT ET CR\u00c9DITSPROTECTION DES DONN\u00c9ES PERSONNELLES5 JUIN &#8211; 8 juin 2026PARC JOURDAN, AIX-EN-PROVENCE, 13100C\u00f4t\u00e9 maison &#8211; salon vivre c\u00f4t\u00e9 sud42 avenue de friedland, 75008 parisINFO@VIVRECOTESUD.FR<\/p>\n","protected":false},"author":3,"featured_media":0,"parent":0,"menu_order":0,"comment_status":"closed","ping_status":"closed","template":"","meta":{"_acf_changed":false,"_et_pb_use_builder":"on","_et_pb_old_content":"","_et_gb_content_width":"","footnotes":""},"class_list":["post-75916","page","type-page","status-publish","hentry"],"acf":[],"yoast_head":"<!-- This site is optimized with the Yoast SEO plugin v27.4 - https:\/\/yoast.com\/product\/yoast-seo-wordpress\/ -->\n<title>Sc\u00e9nographie - Page exposant - Vivre C\u00f4t\u00e9 Sud Aix-en-provence<\/title>\n<meta name=\"robots\" content=\"index, follow, max-snippet:-1, max-image-preview:large, max-video-preview:-1\" \/>\n<link rel=\"canonical\" href=\"https:\/\/www.salonscotemaison.fr\/vivre-cote-sud-aix-en-provence\/scenographie-page-exposant\/\" \/>\n<meta property=\"og:locale\" content=\"fr_FR\" \/>\n<meta property=\"og:type\" content=\"article\" \/>\n<meta property=\"og:title\" content=\"Sc\u00e9nographie - Page exposant - Vivre C\u00f4t\u00e9 Sud Aix-en-provence\" \/>\n<meta property=\"og:description\" content=\"\u00c0 VENIR...MENTIONS L\u00c9GALESGESTION DES COOKIESCOPYRIGHT ET CR\u00c9DITSPROTECTION DES DONN\u00c9ES PERSONNELLES5 JUIN - 8 juin 2026PARC JOURDAN, AIX-EN-PROVENCE, 13100C\u00f4t\u00e9 maison - salon vivre c\u00f4t\u00e9 sud42 avenue de friedland, 75008 parisINFO@VIVRECOTESUD.FR\" \/>\n<meta property=\"og:url\" content=\"https:\/\/www.salonscotemaison.fr\/vivre-cote-sud-aix-en-provence\/scenographie-page-exposant\/\" \/>\n<meta property=\"og:site_name\" content=\"Vivre C\u00f4t\u00e9 Sud Aix-en-provence\" \/>\n<meta property=\"article:modified_time\" content=\"2026-03-19T15:42:45+00:00\" \/>\n<meta name=\"twitter:card\" content=\"summary_large_image\" \/>\n<meta name=\"twitter:label1\" content=\"Dur\u00e9e de lecture estim\u00e9e\" \/>\n\t<meta name=\"twitter:data1\" content=\"1 minute\" \/>\n<script type=\"application\/ld+json\" class=\"yoast-schema-graph\">{\"@context\":\"https:\\\/\\\/schema.org\",\"@graph\":[{\"@type\":\"WebPage\",\"@id\":\"https:\\\/\\\/www.salonscotemaison.fr\\\/vivre-cote-sud-aix-en-provence\\\/scenographie-page-exposant\\\/\",\"url\":\"https:\\\/\\\/www.salonscotemaison.fr\\\/vivre-cote-sud-aix-en-provence\\\/scenographie-page-exposant\\\/\",\"name\":\"Sc\u00e9nographie - Page exposant - Vivre C\u00f4t\u00e9 Sud Aix-en-provence\",\"isPartOf\":{\"@id\":\"https:\\\/\\\/www.salonscotemaison.fr\\\/vivre-cote-sud-aix-en-provence\\\/#website\"},\"datePublished\":\"2025-04-11T12:59:50+00:00\",\"dateModified\":\"2026-03-19T15:42:45+00:00\",\"breadcrumb\":{\"@id\":\"https:\\\/\\\/www.salonscotemaison.fr\\\/vivre-cote-sud-aix-en-provence\\\/scenographie-page-exposant\\\/#breadcrumb\"},\"inLanguage\":\"fr-FR\",\"potentialAction\":[{\"@type\":\"ReadAction\",\"target\":[\"https:\\\/\\\/www.salonscotemaison.fr\\\/vivre-cote-sud-aix-en-provence\\\/scenographie-page-exposant\\\/\"]}]},{\"@type\":\"BreadcrumbList\",\"@id\":\"https:\\\/\\\/www.salonscotemaison.fr\\\/vivre-cote-sud-aix-en-provence\\\/scenographie-page-exposant\\\/#breadcrumb\",\"itemListElement\":[{\"@type\":\"ListItem\",\"position\":1,\"name\":\"Accueil\",\"item\":\"https:\\\/\\\/www.salonscotemaison.fr\\\/vivre-cote-sud-aix-en-provence\\\/\"},{\"@type\":\"ListItem\",\"position\":2,\"name\":\"Sc\u00e9nographie &#8211; Page exposant\"}]},{\"@type\":\"WebSite\",\"@id\":\"https:\\\/\\\/www.salonscotemaison.fr\\\/vivre-cote-sud-aix-en-provence\\\/#website\",\"url\":\"https:\\\/\\\/www.salonscotemaison.fr\\\/vivre-cote-sud-aix-en-provence\\\/\",\"name\":\"Vivre C\u00f4t\u00e9 Sud Aix-en-provence\",\"description\":\"Les salons de Vivre C\u00f4t\u00e9 Sud\",\"potentialAction\":[{\"@type\":\"SearchAction\",\"target\":{\"@type\":\"EntryPoint\",\"urlTemplate\":\"https:\\\/\\\/www.salonscotemaison.fr\\\/vivre-cote-sud-aix-en-provence\\\/?s={search_term_string}\"},\"query-input\":{\"@type\":\"PropertyValueSpecification\",\"valueRequired\":true,\"valueName\":\"search_term_string\"}}],\"inLanguage\":\"fr-FR\"}]}<\/script>\n<!-- \/ Yoast SEO plugin. -->","yoast_head_json":{"title":"Sc\u00e9nographie - Page exposant - Vivre C\u00f4t\u00e9 Sud Aix-en-provence","robots":{"index":"index","follow":"follow","max-snippet":"max-snippet:-1","max-image-preview":"max-image-preview:large","max-video-preview":"max-video-preview:-1"},"canonical":"https:\/\/www.salonscotemaison.fr\/vivre-cote-sud-aix-en-provence\/scenographie-page-exposant\/","og_locale":"fr_FR","og_type":"article","og_title":"Sc\u00e9nographie - Page exposant - Vivre C\u00f4t\u00e9 Sud Aix-en-provence","og_description":"\u00c0 VENIR...MENTIONS L\u00c9GALESGESTION DES COOKIESCOPYRIGHT ET CR\u00c9DITSPROTECTION DES DONN\u00c9ES PERSONNELLES5 JUIN - 8 juin 2026PARC JOURDAN, AIX-EN-PROVENCE, 13100C\u00f4t\u00e9 maison - salon vivre c\u00f4t\u00e9 sud42 avenue de friedland, 75008 parisINFO@VIVRECOTESUD.FR","og_url":"https:\/\/www.salonscotemaison.fr\/vivre-cote-sud-aix-en-provence\/scenographie-page-exposant\/","og_site_name":"Vivre C\u00f4t\u00e9 Sud Aix-en-provence","article_modified_time":"2026-03-19T15:42:45+00:00","twitter_card":"summary_large_image","twitter_misc":{"Dur\u00e9e de lecture estim\u00e9e":"1 minute"},"schema":{"@context":"https:\/\/schema.org","@graph":[{"@type":"WebPage","@id":"https:\/\/www.salonscotemaison.fr\/vivre-cote-sud-aix-en-provence\/scenographie-page-exposant\/","url":"https:\/\/www.salonscotemaison.fr\/vivre-cote-sud-aix-en-provence\/scenographie-page-exposant\/","name":"Sc\u00e9nographie - Page exposant - Vivre C\u00f4t\u00e9 Sud Aix-en-provence","isPartOf":{"@id":"https:\/\/www.salonscotemaison.fr\/vivre-cote-sud-aix-en-provence\/#website"},"datePublished":"2025-04-11T12:59:50+00:00","dateModified":"2026-03-19T15:42:45+00:00","breadcrumb":{"@id":"https:\/\/www.salonscotemaison.fr\/vivre-cote-sud-aix-en-provence\/scenographie-page-exposant\/#breadcrumb"},"inLanguage":"fr-FR","potentialAction":[{"@type":"ReadAction","target":["https:\/\/www.salonscotemaison.fr\/vivre-cote-sud-aix-en-provence\/scenographie-page-exposant\/"]}]},{"@type":"BreadcrumbList","@id":"https:\/\/www.salonscotemaison.fr\/vivre-cote-sud-aix-en-provence\/scenographie-page-exposant\/#breadcrumb","itemListElement":[{"@type":"ListItem","position":1,"name":"Accueil","item":"https:\/\/www.salonscotemaison.fr\/vivre-cote-sud-aix-en-provence\/"},{"@type":"ListItem","position":2,"name":"Sc\u00e9nographie &#8211; Page exposant"}]},{"@type":"WebSite","@id":"https:\/\/www.salonscotemaison.fr\/vivre-cote-sud-aix-en-provence\/#website","url":"https:\/\/www.salonscotemaison.fr\/vivre-cote-sud-aix-en-provence\/","name":"Vivre C\u00f4t\u00e9 Sud Aix-en-provence","description":"Les salons de Vivre C\u00f4t\u00e9 Sud","potentialAction":[{"@type":"SearchAction","target":{"@type":"EntryPoint","urlTemplate":"https:\/\/www.salonscotemaison.fr\/vivre-cote-sud-aix-en-provence\/?s={search_term_string}"},"query-input":{"@type":"PropertyValueSpecification","valueRequired":true,"valueName":"search_term_string"}}],"inLanguage":"fr-FR"}]}},"post_mailing_queue_ids":[],"_links":{"self":[{"href":"https:\/\/www.salonscotemaison.fr\/vivre-cote-sud-aix-en-provence\/wp-json\/wp\/v2\/pages\/75916","targetHints":{"allow":["GET"]}}],"collection":[{"href":"https:\/\/www.salonscotemaison.fr\/vivre-cote-sud-aix-en-provence\/wp-json\/wp\/v2\/pages"}],"about":[{"href":"https:\/\/www.salonscotemaison.fr\/vivre-cote-sud-aix-en-provence\/wp-json\/wp\/v2\/types\/page"}],"author":[{"embeddable":true,"href":"https:\/\/www.salonscotemaison.fr\/vivre-cote-sud-aix-en-provence\/wp-json\/wp\/v2\/users\/3"}],"replies":[{"embeddable":true,"href":"https:\/\/www.salonscotemaison.fr\/vivre-cote-sud-aix-en-provence\/wp-json\/wp\/v2\/comments?post=75916"}],"version-history":[{"count":28,"href":"https:\/\/www.salonscotemaison.fr\/vivre-cote-sud-aix-en-provence\/wp-json\/wp\/v2\/pages\/75916\/revisions"}],"predecessor-version":[{"id":77624,"href":"https:\/\/www.salonscotemaison.fr\/vivre-cote-sud-aix-en-provence\/wp-json\/wp\/v2\/pages\/75916\/revisions\/77624"}],"wp:attachment":[{"href":"https:\/\/www.salonscotemaison.fr\/vivre-cote-sud-aix-en-provence\/wp-json\/wp\/v2\/media?parent=75916"}],"curies":[{"name":"wp","href":"https:\/\/api.w.org\/{rel}","templated":true}]}}